{"id":160,"date":"2023-03-07T10:41:14","date_gmt":"2023-03-07T10:41:14","guid":{"rendered":"https:\/\/neu.actaudit.de\/?page_id=160"},"modified":"2023-11-23T09:47:34","modified_gmt":"2023-11-23T09:47:34","slug":"ueber-uns","status":"publish","type":"page","link":"https:\/\/actaudit.de\/en\/ueber-uns","title":{"rendered":"\u00dcber uns"},"content":{"rendered":"<style type=\"text\/css\" data-created_by=\"avia_inline_auto\" id=\"style-css-av-lf6nqxso-eecab31ddd754383d4cc138f0c89d282\">\n.avia-section.av-lf6nqxso-eecab31ddd754383d4cc138f0c89d282{\nbackground-repeat:no-repeat;\nbackground-image:url(https:\/\/actaudit.de\/wp-content\/uploads\/2023\/04\/Slider_Ueber-uns_0012_UN_110423.jpg);\nbackground-position:50% 50%;\nbackground-attachment:scroll;\n}\n<\/style>\n<div id='av_section_1'  class='avia-section av-lf6nqxso-eecab31ddd754383d4cc138f0c89d282 main_color avia-section-default avia-no-border-styling  avia-builder-el-0  el_before_av_hr  avia-builder-el-first  avia-full-stretch avia-bg-style-scroll av-minimum-height av-minimum-height-20 av-height-percent  container_wrap fullsize'  data-section-bg-repeat='stretch' data-av_minimum_height_pc='20' data-av_min_height_opt='percent'><div class='container av-section-cont-open' ><main  role=\"main\" itemprop=\"mainContentOfPage\"  class='template-page content  av-content-full alpha units'><div class='post-entry post-entry-type-page post-entry-160'><div class='entry-content-wrapper clearfix'>\n\n<style type=\"text\/css\" data-created_by=\"avia_inline_auto\" id=\"style-css-av-lf6nvisc-eae14e0dd8d124d6985817f090df119d\">\n#top .av-special-heading.av-lf6nvisc-eae14e0dd8d124d6985817f090df119d{\npadding-bottom:10px;\ncolor:#ffffff;\nfont-size:40px;\n}\nbody .av-special-heading.av-lf6nvisc-eae14e0dd8d124d6985817f090df119d .av-special-heading-tag .heading-char{\nfont-size:25px;\n}\n#top #wrap_all .av-special-heading.av-lf6nvisc-eae14e0dd8d124d6985817f090df119d .av-special-heading-tag{\nfont-size:40px;\n}\n.av-special-heading.av-lf6nvisc-eae14e0dd8d124d6985817f090df119d .special-heading-inner-border{\nborder-color:rgba(255,255,255,0.01);\n}\n.av-special-heading.av-lf6nvisc-eae14e0dd8d124d6985817f090df119d .av-subheading{\nfont-size:15px;\n}\nbody .av-special-heading.av-lf6nvisc-eae14e0dd8d124d6985817f090df119d .av-special-heading-tag .heading-wrap:before{\nborder-color:rgba(255,255,255,0.01);\n}\nbody .av-special-heading.av-lf6nvisc-eae14e0dd8d124d6985817f090df119d .av-special-heading-tag .heading-wrap:after{\nborder-color:rgba(255,255,255,0.01);\n}\n\n@media only screen and (min-width: 480px) and (max-width: 767px){ \n#top #wrap_all .av-special-heading.av-lf6nvisc-eae14e0dd8d124d6985817f090df119d .av-special-heading-tag{\nfont-size:0.8em;\n}\n}\n\n@media only screen and (max-width: 479px){ \n#top #wrap_all .av-special-heading.av-lf6nvisc-eae14e0dd8d124d6985817f090df119d .av-special-heading-tag{\nfont-size:0.8em;\n}\n}\n<\/style>\n<div  class='av-special-heading av-lf6nvisc-eae14e0dd8d124d6985817f090df119d av-special-heading-h3 custom-color-heading blockquote elegant-quote elegant-centered  avia-builder-el-1  avia-builder-el-no-sibling  av-inherit-size'><h3 class='av-special-heading-tag'  itemprop=\"headline\"  ><span class=\"heading-wrap\">\u00dcBER UNS<\/span><\/h3><div class=\"special-heading-border\"><div class=\"special-heading-inner-border\"><\/div><\/div><\/div>\n<\/div><\/div><\/main><!-- close content main element --><\/div><\/div><div id='after_section_1'  class='main_color av_default_container_wrap container_wrap fullsize'  ><div class='container av-section-cont-open' ><div class='template-page content  av-content-full alpha units'><div class='post-entry post-entry-type-page post-entry-160'><div class='entry-content-wrapper clearfix'>\n\n<style type=\"text\/css\" data-created_by=\"avia_inline_auto\" id=\"style-css-av-7snio-c7fc07174f8b71a6bdfdb54e11d2d517\">\n#top .hr.av-7snio-c7fc07174f8b71a6bdfdb54e11d2d517{\nmargin-top:30px;\nmargin-bottom:80px;\n}\n.hr.av-7snio-c7fc07174f8b71a6bdfdb54e11d2d517 .hr-inner{\nwidth:60px;\nborder-color:#7f2629;\nmax-width:45%;\n}\n.hr.av-7snio-c7fc07174f8b71a6bdfdb54e11d2d517 .av-seperator-icon{\ncolor:#a79f88;\n}\n.hr.av-7snio-c7fc07174f8b71a6bdfdb54e11d2d517 .av-seperator-icon.avia-svg-icon svg:first-child{\nfill:#a79f88;\nstroke:#a79f88;\n}\n<\/style>\n<div  class='hr av-7snio-c7fc07174f8b71a6bdfdb54e11d2d517 hr-custom  avia-builder-el-2  el_after_av_section  el_before_av_one_full  avia-builder-el-first  hr-center hr-icon-yes'><span class='hr-inner inner-border-av-border-fat'><span class=\"hr-inner-style\"><\/span><\/span><span class='av-seperator-icon avia-iconfont avia-font-fontello' data-av_icon='\ue800' data-av_iconfont='fontello' ><\/span><span class='hr-inner inner-border-av-border-fat'><span class=\"hr-inner-style\"><\/span><\/span><\/div>\n<div  class='flex_column av-av_one_full-7714eba142aeda1f8b5272a3c372b279 av_one_full  avia-builder-el-3  el_after_av_hr  el_before_av_hr  first flex_column_div'     ><section  class='av_textblock_section av-b0ozk-ee2f89d315deafb147647418a60275d9'   itemscope=\"itemscope\" itemtype=\"https:\/\/schema.org\/CreativeWork\" ><div class='avia_textblock'  itemprop=\"text\" ><h2 class=\"p1\" style=\"text-align: center;\"><span class=\"s1\"><b>Wir denken in L\u00f6sungen<\/b><\/span><\/h2>\n<p style=\"text-align: center;\">Verl\u00e4sslichkeit, Vertraulichkeit, Kompetenz: Die ACT Audit GmbH ist mehr als eine reine Wirtschaftspr\u00fcfungsgesellschaft. Sie versteht sich als kleine Privatbank, die die sehr unterschiedlichen Anforderungen der Kundinnen und Kunden in den Mittelpunkt stellt. Und vor allem in f\u00fcr sie optimalen L\u00f6sungen denkt.<\/p>\n<p style=\"text-align: center;\">Egal, ob mittelst\u00e4ndische Unternehmen oder verm\u00f6gende Privatkundinnen und -kunden: Die Aufgabenstellungen sind immer komplexer geworden. Das liegt zum einen daran, dass diese Klientel zunehmend global orientiert ist. Zum anderen aber auch daran, dass sich h\u00e4ufig &#8211; beispielsweise bei der Nachfolgeregelung &#8211; unternehmerische und private Ebene miteinander vermischen. <br class=\"avia-permanent-lb\" \/><br class=\"avia-permanent-lb\" \/><\/p>\n<p style=\"text-align: center;\"><strong>Vor falschen Entscheidungen sch\u00fctzen<\/strong><\/p>\n<p style=\"text-align: center;\">Hieraus ergeben sich steuerlich komplexe Fragestellungen. Falsche Entscheidungen k\u00f6nnen erhebliche finanzielle Belastungen ausl\u00f6sen. Dies gilt gerade bei Auslandsgesch\u00e4ften.<\/p>\n<p style=\"text-align: center;\">Zu einer perfekten L\u00f6sung beitragen kann deshalb eine pers\u00f6nliche Betreuung der Mandantinnen und Mandanten. Die ACT Audit GmbH bietet genau das: Es gibt einen zentralen Ansprechpartner f\u00fcr die L\u00f6sung aller Probleme. Sie m\u00fcssen sich daher nicht auf wechselnde Gespr\u00e4chspartner einstellen. Sie k\u00f6nnen sich auf die tiefgehende Kenntnis ihrer speziellen Anforderungen verlassen. Sie wissen, dass im Hintergrund immer in Ihrem Sinne nach bestm\u00f6glichen L\u00f6sungen gesucht wird.<\/p>\n<\/div><\/section><\/div>\n<style type=\"text\/css\" data-created_by=\"avia_inline_auto\" id=\"style-css-av-lfqtqsp5-161123bc3fbd8bfc000d788baf6d56ed\">\n#top .hr.av-lfqtqsp5-161123bc3fbd8bfc000d788baf6d56ed{\nmargin-top:50px;\nmargin-bottom:50px;\n}\n.hr.av-lfqtqsp5-161123bc3fbd8bfc000d788baf6d56ed .hr-inner{\nwidth:60px;\nborder-color:#7f2629;\nmax-width:45%;\n}\n.hr.av-lfqtqsp5-161123bc3fbd8bfc000d788baf6d56ed .av-seperator-icon{\ncolor:#a79f88;\n}\n.hr.av-lfqtqsp5-161123bc3fbd8bfc000d788baf6d56ed .av-seperator-icon.avia-svg-icon svg:first-child{\nfill:#a79f88;\nstroke:#a79f88;\n}\n<\/style>\n<div  class='hr av-lfqtqsp5-161123bc3fbd8bfc000d788baf6d56ed hr-custom  avia-builder-el-5  el_after_av_one_full  el_before_av_two_third  hr-center hr-icon-yes'><span class='hr-inner inner-border-av-border-fat'><span class=\"hr-inner-style\"><\/span><\/span><span class='av-seperator-icon avia-iconfont avia-font-fontello' data-av_icon='\ue800' data-av_iconfont='fontello' ><\/span><span class='hr-inner inner-border-av-border-fat'><span class=\"hr-inner-style\"><\/span><\/span><\/div><\/p>\n<div  class='flex_column av-av_two_third-7714eba142aeda1f8b5272a3c372b279 av_two_third  avia-builder-el-6  el_after_av_hr  el_before_av_one_third  first flex_column_div'     ><form action=\"https:\/\/actaudit.de\/en\/ueber-uns\/\" method=\"post\" data-fields-with-error=\"Found errors in the following field(s):\" class=\"avia_ajax_form av-form-labels-visible   avia-builder-el-7  avia-builder-el-no-sibling\" data-avia-form-id=\"1\" data-avia-redirect='' data-trp-original-action=\"https:\/\/actaudit.de\/en\/ueber-uns\" ><h2 class=''>ERFAHREN SIE MEHR \u00dcBER UNS!<\/h2><fieldset><p class='first_form  form_element form_fullwidth' id='element_avia_1_1'><label for=\"avia_1_1\">Name <abbr class=\"required\" title=\"required\">*<\/abbr><\/label> <input name=\"avia_1_1\" class=\"text_input is_empty\" type=\"text\" id=\"avia_1_1\" value=\"\" \/><\/p><p class='first_form  form_element form_fullwidth' id='element_avia_2_1'><label for=\"avia_2_1\">E-Mail <abbr class=\"required\" title=\"required\">*<\/abbr><\/label> <input name=\"avia_2_1\" class=\"text_input is_email\" type=\"text\" id=\"avia_2_1\" value=\"\" \/><\/p><p class='first_form  form_element form_fullwidth' id='element_avia_3_1'><label for=\"avia_3_1\">Betreff <abbr class=\"required\" title=\"required\">*<\/abbr><\/label> <input name=\"avia_3_1\" class=\"text_input is_empty\" type=\"text\" id=\"avia_3_1\" value=\"\" \/><\/p><p class='first_form  form_element form_fullwidth' id='element_avia_4_1'><label for=\"avia_4_1\" class=\"textare_label hidden textare_label_avia_4_1\">Nachricht <abbr class=\"required\" title=\"required\">*<\/abbr><\/label><textarea  name=\"avia_4_1\" class=\"text_area is_empty\" cols=\"40\" rows=\"7\" id=\"avia_4_1\" ><\/textarea><\/p><p class=\"hidden\"><input type=\"text\" name=\"avia_5_1\" class=\"hidden\" id=\"avia_5_1\" value=\"\" \/><\/p><p class='form_element form_fullwidth' id='element_avia_6_1'><span class='value_verifier_label'>7 + 1 = ?<\/span><input name=\"avia_6_1_verifier\" type=\"hidden\" id=\"avia_6_1_verifier\" value=\"272124558\"\/><label for=\"avia_6_1\">Please prove that you are human by solving the equation <abbr class=\"required\" title=\"required\">*<\/abbr><\/label><input name=\"avia_6_1\" class=\"text_input captcha\" type=\"text\" id=\"avia_6_1\" value=\"\"\/><\/p><p class=\"form_element\"><input type=\"hidden\" value=\"1\" name=\"avia_generated_form1\" \/><input type=\"submit\" value=\"Senden\" class=\"button\"  data-sending-label=\"Sending\"\/><\/p><\/fieldset><input type=\"hidden\" name=\"trp-form-language\" value=\"en\"\/><\/form><div id=\"ajaxresponse_1\" class=\"ajaxresponse ajaxresponse_1 hidden\"><\/div><\/div><div  class='flex_column av-av_one_third-f1c518e9ff58e869f80c8f093487abc9 av_one_third  avia-builder-el-8  el_after_av_two_third  el_before_av_image_hotspot  avia-builder-el-last  flex_column_div'     ><style type=\"text\/css\" data-created_by=\"avia_inline_auto\" id=\"style-css-av-lfqtkxqh-307e20f26926af0b9848c821a33df960\">\n.avia-image-container.av-lfqtkxqh-307e20f26926af0b9848c821a33df960 img.avia_image{\nbox-shadow:none;\n}\n.avia-image-container.av-lfqtkxqh-307e20f26926af0b9848c821a33df960 .av-image-caption-overlay-center{\ncolor:#ffffff;\n}\n<\/style>\n<div  class='avia-image-container av-lfqtkxqh-307e20f26926af0b9848c821a33df960 av-styling- avia-align-center  avia-builder-el-9  avia-builder-el-no-sibling'   itemprop=\"image\" itemscope=\"itemscope\" itemtype=\"https:\/\/schema.org\/ImageObject\" ><div class=\"avia-image-container-inner\"><div class=\"avia-image-overlay-wrap\"><img decoding=\"async\" fetchpriority=\"high\" class='wp-image-596 avia-img-lazy-loading-not-596 avia_image' src=\"https:\/\/actaudit.de\/wp-content\/uploads\/2023\/03\/ACT_Audit_Wirtschaftspruefung_Gebaeude-707x1030.jpg\" alt='' title='ACT_Audit_Wirtschaftspruefung_Gebaeude'  height=\"1030\" width=\"707\"  itemprop=\"thumbnailUrl\" srcset=\"https:\/\/actaudit.de\/wp-content\/uploads\/2023\/03\/ACT_Audit_Wirtschaftspruefung_Gebaeude-707x1030.jpg 707w, https:\/\/actaudit.de\/wp-content\/uploads\/2023\/03\/ACT_Audit_Wirtschaftspruefung_Gebaeude-206x300.jpg 206w, https:\/\/actaudit.de\/wp-content\/uploads\/2023\/03\/ACT_Audit_Wirtschaftspruefung_Gebaeude-8x12.jpg 8w, https:\/\/actaudit.de\/wp-content\/uploads\/2023\/03\/ACT_Audit_Wirtschaftspruefung_Gebaeude-484x705.jpg 484w, https:\/\/actaudit.de\/wp-content\/uploads\/2023\/03\/ACT_Audit_Wirtschaftspruefung_Gebaeude.jpg 736w\" sizes=\"(max-width: 707px) 100vw, 707px\" \/><\/div><\/div><\/div><\/div>\n<style type=\"text\/css\" data-created_by=\"avia_inline_auto\" id=\"style-css-sub-av-av_image_hotspot-54c9bc7f2ef1067878d3c001d7354abb\">\n.av-hotspot-image-container .av-image-hotspot.av-av_image_spot-eee0dd305baebdd3b844a785172bab9d{\ntop:50%;\nleft:73.3%;\n}\n.av-hotspot-image-container .av-image-hotspot.av-av_image_spot-eee0dd305baebdd3b844a785172bab9d .av-image-hotspot_inner{\nbackground-color:#7f2629;\ncolor:#7f2629;\n}\n.av-hotspot-image-container .av-image-hotspot.av-av_image_spot-eee0dd305baebdd3b844a785172bab9d .av-image-hotspot-pulse{\nbackground-color:#7f2629;\n}\n<\/style>\n<div  class='av-hotspot-image-container av-av_image_hotspot-54c9bc7f2ef1067878d3c001d7354abb  avia-builder-el-10  el_after_av_one_third  el_before_av_hr  av-hotspot-blank av-mobile-fallback-active  av-non-fullwidth-hotspot-image'  itemprop=\"image\" itemscope=\"itemscope\" itemtype=\"https:\/\/schema.org\/ImageObject\" ><div class='av-hotspot-container'><div class='av-hotspot-container-inner-cell'><div class='av-hotspot-container-inner-wrap'><div class='av-image-hotspot av-av_image_spot-eee0dd305baebdd3b844a785172bab9d av-image-hotspot-1' data-avia-tooltip-position='top' data-avia-tooltip-alignment='left' data-avia-tooltip-class='av-tt-default-width av-tt-pos-above av-tt-align-left  av-mobile-fallback-active  main_color av-tt-hotspot' data-avia-tooltip=''><a href=\"https:\/\/goo.gl\/maps\/m1KhiT9Md7MSHQVv7\"  target=\"_blank\"  rel=\"noopener noreferrer\" class='av-image-hotspot_inner'>1<\/a><div class='av-image-hotspot-pulse'><\/div><\/div><img decoding=\"async\" fetchpriority=\"high\" class='wp-image-85 avia-img-lazy-loading-not-85 avia_image' src=\"https:\/\/actaudit.de\/wp-content\/uploads\/2023\/02\/Bildschirmfoto-2023-02-28-um-17.46.02-1500x430.png\" alt='' title='Bildschirmfoto 2023-02-28 um 17.46.02'  height=\"430\" width=\"1500\"  itemprop=\"thumbnailUrl\"  \/><\/div><\/div><\/div><\/div><\/p>\n\n<style type=\"text\/css\" data-created_by=\"avia_inline_auto\" id=\"style-css-av-av_hr-68156864999936c2607ee4bac7c3d892\">\n#top .hr.av-av_hr-68156864999936c2607ee4bac7c3d892{\nmargin-top:30px;\nmargin-bottom:80px;\n}\n.hr.av-av_hr-68156864999936c2607ee4bac7c3d892 .hr-inner{\nwidth:60px;\nborder-color:#7f2629;\nmax-width:45%;\n}\n.hr.av-av_hr-68156864999936c2607ee4bac7c3d892 .av-seperator-icon{\ncolor:#a79f88;\n}\n.hr.av-av_hr-68156864999936c2607ee4bac7c3d892 .av-seperator-icon.avia-svg-icon svg:first-child{\nfill:#a79f88;\nstroke:#a79f88;\n}\n<\/style>\n<div  class='hr av-av_hr-68156864999936c2607ee4bac7c3d892 hr-custom  avia-builder-el-11  el_after_av_image_hotspot  avia-builder-el-no-sibling  hr-center hr-icon-yes'><span class='hr-inner inner-border-av-border-fat'><span class=\"hr-inner-style\"><\/span><\/span><span class='av-seperator-icon avia-iconfont avia-font-fontello' data-av_icon='\ue800' data-av_iconfont='fontello' ><\/span><span class='hr-inner inner-border-av-border-fat'><span class=\"hr-inner-style\"><\/span><\/span><\/div>","protected":false},"excerpt":{"rendered":"","protected":false},"author":2,"featured_media":0,"parent":0,"menu_order":0,"comment_status":"closed","ping_status":"closed","template":"","meta":{"footnotes":""},"class_list":["post-160","page","type-page","status-publish","hentry"],"yoast_head":"<!-- This site is optimized with the Yoast SEO plugin v27.5 - https:\/\/yoast.com\/product\/yoast-seo-wordpress\/ -->\n<title>\u00dcber uns - ACT Audit<\/title>\n<meta name=\"robots\" content=\"index, follow, max-snippet:-1, max-image-preview:large, max-video-preview:-1\" \/>\n<link rel=\"canonical\" href=\"https:\/\/actaudit.de\/en\/ueber-uns\/\" \/>\n<meta property=\"og:locale\" content=\"en_US\" \/>\n<meta property=\"og:type\" content=\"article\" \/>\n<meta property=\"og:title\" content=\"\u00dcber uns - ACT Audit\" \/>\n<meta property=\"og:url\" content=\"https:\/\/actaudit.de\/en\/ueber-uns\/\" \/>\n<meta property=\"og:site_name\" content=\"ACT Audit\" \/>\n<meta property=\"article:modified_time\" content=\"2023-11-23T09:47:34+00:00\" \/>\n<meta name=\"twitter:card\" content=\"summary_large_image\" \/>\n<meta name=\"twitter:label1\" content=\"Est. reading time\" \/>\n\t<meta name=\"twitter:data1\" content=\"6 minutes\" \/>\n<script type=\"application\/ld+json\" class=\"yoast-schema-graph\">{\"@context\":\"https:\\\/\\\/schema.org\",\"@graph\":[{\"@type\":\"WebPage\",\"@id\":\"https:\\\/\\\/actaudit.de\\\/ueber-uns\",\"url\":\"https:\\\/\\\/actaudit.de\\\/ueber-uns\",\"name\":\"\u00dcber uns - ACT Audit\",\"isPartOf\":{\"@id\":\"https:\\\/\\\/actaudit.de\\\/#website\"},\"datePublished\":\"2023-03-07T10:41:14+00:00\",\"dateModified\":\"2023-11-23T09:47:34+00:00\",\"breadcrumb\":{\"@id\":\"https:\\\/\\\/actaudit.de\\\/ueber-uns#breadcrumb\"},\"inLanguage\":\"en-US\",\"potentialAction\":[{\"@type\":\"ReadAction\",\"target\":[\"https:\\\/\\\/actaudit.de\\\/ueber-uns\"]}]},{\"@type\":\"BreadcrumbList\",\"@id\":\"https:\\\/\\\/actaudit.de\\\/ueber-uns#breadcrumb\",\"itemListElement\":[{\"@type\":\"ListItem\",\"position\":1,\"name\":\"Startseite\",\"item\":\"https:\\\/\\\/actaudit.de\\\/home\"},{\"@type\":\"ListItem\",\"position\":2,\"name\":\"\u00dcber uns\"}]},{\"@type\":\"WebSite\",\"@id\":\"https:\\\/\\\/actaudit.de\\\/#website\",\"url\":\"https:\\\/\\\/actaudit.de\\\/\",\"name\":\"ACT Audit\",\"description\":\"Wirtschaftspr\u00fcfungsgesellschaft\",\"potentialAction\":[{\"@type\":\"SearchAction\",\"target\":{\"@type\":\"EntryPoint\",\"urlTemplate\":\"https:\\\/\\\/actaudit.de\\\/?s={search_term_string}\"},\"query-input\":{\"@type\":\"PropertyValueSpecification\",\"valueRequired\":true,\"valueName\":\"search_term_string\"}}],\"inLanguage\":\"en-US\"}]}<\/script>\n<!-- \/ Yoast SEO plugin. -->","yoast_head_json":{"title":"\u00dcber uns - ACT Audit","robots":{"index":"index","follow":"follow","max-snippet":"max-snippet:-1","max-image-preview":"max-image-preview:large","max-video-preview":"max-video-preview:-1"},"canonical":"https:\/\/actaudit.de\/en\/ueber-uns\/","og_locale":"en_US","og_type":"article","og_title":"\u00dcber uns - ACT Audit","og_url":"https:\/\/actaudit.de\/en\/ueber-uns\/","og_site_name":"ACT Audit","article_modified_time":"2023-11-23T09:47:34+00:00","twitter_card":"summary_large_image","twitter_misc":{"Est. reading time":"6 minutes"},"schema":{"@context":"https:\/\/schema.org","@graph":[{"@type":"WebPage","@id":"https:\/\/actaudit.de\/ueber-uns","url":"https:\/\/actaudit.de\/ueber-uns","name":"\u00dcber uns - ACT Audit","isPartOf":{"@id":"https:\/\/actaudit.de\/#website"},"datePublished":"2023-03-07T10:41:14+00:00","dateModified":"2023-11-23T09:47:34+00:00","breadcrumb":{"@id":"https:\/\/actaudit.de\/ueber-uns#breadcrumb"},"inLanguage":"en-US","potentialAction":[{"@type":"ReadAction","target":["https:\/\/actaudit.de\/ueber-uns"]}]},{"@type":"BreadcrumbList","@id":"https:\/\/actaudit.de\/ueber-uns#breadcrumb","itemListElement":[{"@type":"ListItem","position":1,"name":"Startseite","item":"https:\/\/actaudit.de\/home"},{"@type":"ListItem","position":2,"name":"\u00dcber uns"}]},{"@type":"WebSite","@id":"https:\/\/actaudit.de\/#website","url":"https:\/\/actaudit.de\/","name":"ACT Audit","description":"Wirtschaftspr\u00fcfungsgesellschaft","potentialAction":[{"@type":"SearchAction","target":{"@type":"EntryPoint","urlTemplate":"https:\/\/actaudit.de\/?s={search_term_string}"},"query-input":{"@type":"PropertyValueSpecification","valueRequired":true,"valueName":"search_term_string"}}],"inLanguage":"en-US"}]}},"_links":{"self":[{"href":"https:\/\/actaudit.de\/en\/wp-json\/wp\/v2\/pages\/160","targetHints":{"allow":["GET"]}}],"collection":[{"href":"https:\/\/actaudit.de\/en\/wp-json\/wp\/v2\/pages"}],"about":[{"href":"https:\/\/actaudit.de\/en\/wp-json\/wp\/v2\/types\/page"}],"author":[{"embeddable":true,"href":"https:\/\/actaudit.de\/en\/wp-json\/wp\/v2\/users\/2"}],"replies":[{"embeddable":true,"href":"https:\/\/actaudit.de\/en\/wp-json\/wp\/v2\/comments?post=160"}],"version-history":[{"count":26,"href":"https:\/\/actaudit.de\/en\/wp-json\/wp\/v2\/pages\/160\/revisions"}],"predecessor-version":[{"id":1158,"href":"https:\/\/actaudit.de\/en\/wp-json\/wp\/v2\/pages\/160\/revisions\/1158"}],"wp:attachment":[{"href":"https:\/\/actaudit.de\/en\/wp-json\/wp\/v2\/media?parent=160"}],"curies":[{"name":"wp","href":"https:\/\/api.w.org\/{rel}","templated":true}]}}