{"id":178,"date":"2023-03-07T11:31:40","date_gmt":"2023-03-07T11:31:40","guid":{"rendered":"https:\/\/neu.actaudit.de\/?page_id=178"},"modified":"2023-10-17T07:45:14","modified_gmt":"2023-10-17T07:45:14","slug":"impressum","status":"publish","type":"page","link":"https:\/\/actaudit.de\/en\/impressum","title":{"rendered":"Imprint"},"content":{"rendered":"<style type=\"text\/css\" data-created_by=\"avia_inline_auto\" id=\"style-css-av-lf8d5ir5-c285fa23b22c33ea45fa553b0722fd1e\">\n.avia-section.av-lf8d5ir5-c285fa23b22c33ea45fa553b0722fd1e{\nbackground-repeat:no-repeat;\nbackground-image:url(https:\/\/actaudit.de\/wp-content\/uploads\/2023\/04\/Slider_Impressum_Neu_0012_UN_110423.jpg);\nbackground-position:50% 50%;\nbackground-attachment:scroll;\n}\n<\/style>\n<div id='av_section_1'  class='avia-section av-lf8d5ir5-c285fa23b22c33ea45fa553b0722fd1e main_color avia-section-default avia-no-border-styling  avia-builder-el-0  el_before_av_hr  avia-builder-el-first  avia-full-stretch avia-bg-style-scroll av-minimum-height av-minimum-height-20 av-height-percent  container_wrap fullsize'  data-section-bg-repeat='stretch' data-av_minimum_height_pc='20' data-av_min_height_opt='percent'><div class='container av-section-cont-open' ><main  role=\"main\" itemprop=\"mainContentOfPage\"  class='template-page content  av-content-full alpha units'><div class='post-entry post-entry-type-page post-entry-178'><div class='entry-content-wrapper clearfix'>\n\n<style type=\"text\/css\" data-created_by=\"avia_inline_auto\" id=\"style-css-av-lf8d58dv-1c0261677a9f49c59aff7a1858051999\">\n#top .av-special-heading.av-lf8d58dv-1c0261677a9f49c59aff7a1858051999{\npadding-bottom:10px;\ncolor:#ffffff;\nfont-size:40px;\n}\nbody .av-special-heading.av-lf8d58dv-1c0261677a9f49c59aff7a1858051999 .av-special-heading-tag .heading-char{\nfont-size:25px;\n}\n#top #wrap_all .av-special-heading.av-lf8d58dv-1c0261677a9f49c59aff7a1858051999 .av-special-heading-tag{\nfont-size:40px;\n}\n.av-special-heading.av-lf8d58dv-1c0261677a9f49c59aff7a1858051999 .special-heading-inner-border{\nborder-color:rgba(255,255,255,0.01);\n}\n.av-special-heading.av-lf8d58dv-1c0261677a9f49c59aff7a1858051999 .av-subheading{\nfont-size:15px;\n}\nbody .av-special-heading.av-lf8d58dv-1c0261677a9f49c59aff7a1858051999 .av-special-heading-tag .heading-wrap:before{\nborder-color:rgba(255,255,255,0.01);\n}\nbody .av-special-heading.av-lf8d58dv-1c0261677a9f49c59aff7a1858051999 .av-special-heading-tag .heading-wrap:after{\nborder-color:rgba(255,255,255,0.01);\n}\n\n@media only screen and (min-width: 480px) and (max-width: 767px){ \n#top #wrap_all .av-special-heading.av-lf8d58dv-1c0261677a9f49c59aff7a1858051999 .av-special-heading-tag{\nfont-size:0.8em;\n}\n}\n\n@media only screen and (max-width: 479px){ \n#top #wrap_all .av-special-heading.av-lf8d58dv-1c0261677a9f49c59aff7a1858051999 .av-special-heading-tag{\nfont-size:0.8em;\n}\n}\n<\/style>\n<div  class='av-special-heading av-lf8d58dv-1c0261677a9f49c59aff7a1858051999 av-special-heading-h3 custom-color-heading blockquote elegant-quote elegant-centered  avia-builder-el-1  avia-builder-el-no-sibling  av-inherit-size'><h3 class='av-special-heading-tag'  itemprop=\"headline\"  ><span class=\"heading-wrap\">IMPRESSUM<\/span><\/h3><div class=\"special-heading-border\"><div class=\"special-heading-inner-border\"><\/div><\/div><\/div>\n<\/div><\/div><\/main><!-- close content main element --><\/div><\/div><div id='after_section_1'  class='main_color av_default_container_wrap container_wrap fullsize'  ><div class='container av-section-cont-open' ><div class='template-page content  av-content-full alpha units'><div class='post-entry post-entry-type-page post-entry-178'><div class='entry-content-wrapper clearfix'>\n\n<style type=\"text\/css\" data-created_by=\"avia_inline_auto\" id=\"style-css-av-nfqd6-6ef31f3215efe5e8e4804a2c53d70b8a\">\n#top .hr.av-nfqd6-6ef31f3215efe5e8e4804a2c53d70b8a{\nmargin-top:30px;\nmargin-bottom:80px;\n}\n.hr.av-nfqd6-6ef31f3215efe5e8e4804a2c53d70b8a .hr-inner{\nwidth:60px;\nborder-color:#7f2629;\nmax-width:45%;\n}\n.hr.av-nfqd6-6ef31f3215efe5e8e4804a2c53d70b8a .av-seperator-icon{\ncolor:#a79f88;\n}\n.hr.av-nfqd6-6ef31f3215efe5e8e4804a2c53d70b8a .av-seperator-icon.avia-svg-icon svg:first-child{\nfill:#a79f88;\nstroke:#a79f88;\n}\n<\/style>\n<div  class='hr av-nfqd6-6ef31f3215efe5e8e4804a2c53d70b8a hr-custom  avia-builder-el-2  el_after_av_section  el_before_av_one_full  avia-builder-el-first  hr-center hr-icon-yes'><span class='hr-inner inner-border-av-border-fat'><span class=\"hr-inner-style\"><\/span><\/span><span class='av-seperator-icon avia-iconfont avia-font-fontello' data-av_icon='\ue800' data-av_iconfont='fontello' ><\/span><span class='hr-inner inner-border-av-border-fat'><span class=\"hr-inner-style\"><\/span><\/span><\/div>\n<div  class='flex_column av-f4o5u-a4cbe87801ba28f03b05c4c8fe01e003 av_one_full  avia-builder-el-3  el_after_av_hr  avia-builder-el-last  first flex_column_div'     ><section  class='av_textblock_section av-16196-97a28a21a661e384c383d6efff30de44'   itemscope=\"itemscope\" itemtype=\"https:\/\/schema.org\/CreativeWork\" ><div class='avia_textblock'  itemprop=\"text\" ><h2><strong>IMPRESSUM<\/strong><\/h2>\n<p>Angaben gem\u00e4\u00df \u00a7 5 TMG:<\/p>\n<p>ACT Audit GmbH<br \/>\nRegenterstra\u00dfe 5b<br \/>\n51063 K\u00f6ln<\/p>\n<h3><strong>Vertreten durch<\/strong><\/h3>\n<p>Dipl.-Kfm.<br \/>\nDr. Heribert Warken<br \/>\nGesch\u00e4ftsf\u00fchrer\/Wirtschaftspr\u00fcfer\/Steuerberater<\/p>\n<h3><strong>Kontakt<\/strong><\/h3>\n<p>Telefon:\u00a0<a href=\"tel:+4922129770760\">+49 (o) 221\/297 70 76 0<\/a><br \/>\nTelefax: +49 (0) 221\/297 70 76 10<br \/>\nE-Mail:\u00a0<a href=\"mailto:info@actgroup.de\">info@actgroup.de<\/a><\/p>\n<h3><strong>Zust\u00e4ndige Kammer\/Aufsichtsbeh\u00f6rde<\/strong><\/h3>\n<p>Wirtschaftspr\u00fcferkammer, Rauchstra\u00dfe 26, 10787 Berlin<br \/>\n\u2022\u00a0<a href=\"http:\/\/www.wpk.de\/\" target=\"_blank\" rel=\"noopener noreferrer\">Wirtschaftspr\u00fcfer (Wirtschaftpr\u00fcferkammer Berlin:www.wpk.de)<\/a><br \/>\n\u2022 Wirtschaftspr\u00fcferordnung (WPO)<br \/>\n\u2022\u00a0<a href=\"http:\/\/www.wpk.de\/pdf\/bs-wpvbp.pdf\" target=\"_blank\" rel=\"noopener noreferrer\">BS WP\/vBP \u2013 Berufssatzung f\u00fcr Wirtschaftspr\u00fcfer und vereidigte Buchpr\u00fcfer<\/a><br \/>\n\u2022\u00a0<a href=\"http:\/\/www.wpk.de\/uploads\/tx_templavoila\/WPK_Entwurf_Neufassung-Aenderung_Berufssatzung_WP-vBP_Stand_21_Juni_2016.pdf\" target=\"_blank\" rel=\"noopener noreferrer\">Satzung f\u00fcr Qualit\u00e4tskontrolle<\/a><br \/>\n\u2022\u00a0<a href=\"http:\/\/www.wpk.de\/pdf\/WPBHV.pdf\" target=\"_blank\" rel=\"noopener noreferrer\">Wirtschaftspr\u00fcfer Berufshaftpflichtversicherungsverordnung (WPBHV)<\/a><\/p>\n<h3><\/h3>\n<h3><strong>Registereintrag:<\/strong><\/h3>\n<p>Eintragung im Handelsregister.<br \/>\nRegistergericht: Amtsgericht K\u00f6ln<br \/>\nRegisternummer: HRB 89364<br \/>\nUmsatzsteuer-Identifikationsnummer gem\u00e4\u00df \u00a727 a Umsatzsteuergesetz:<br \/>\nDE 212750453<\/p>\n<h3><strong>Berufshaftpflichtversicherung:<br \/>\n<\/strong><\/h3>\n<p>Der r\u00e4umliche Geltungsbereich des Versicherungsschutzes umfasst T\u00e4tigkeiten in den Mitgliedsl\u00e4ndern der Europ\u00e4ischen Union und gen\u00fcgt so mindestens den Anforderungen des \u00a7 54 Wirtschaftspr\u00fcferordnung (WPO) in Verbindung mit der Verordnung \u00fcber die Berufshaftpflichtversicherung der Wirtschaftspr\u00fcfer und vereidigten Buchpr\u00fcfer (WPBHV).<\/p>\n<p>Diese Website wurde von Seiten der ACT Audit GmbH (ACT) mit gr\u00f6\u00dftm\u00f6glicher Sorgfalt und Ber\u00fccksichtigung aller relevanten Informationen zusammengestellt. Trotzdem \u00fcbernimmt die ACT f\u00fcr die hier zur Verf\u00fcgung gestellten Informationen keine Gew\u00e4hr hinsichtlich Vollst\u00e4ndigkeit und Richtigkeit.<\/p>\n<p>Die Informationen d\u00fcrfen gespeichert, weitergegeben und vervielf\u00e4ltigt werden. Sie d\u00fcrfen jedoch nicht ver\u00e4ndert oder verf\u00e4lscht werden. Bei einer entsprechenden Weitergabe oder Vervielf\u00e4ltigung ist jedoch eine Quellenangabe erforderlich (ACT Audit GmbH).<\/p>\n<p>Sofern Links zur Homepage der ACT gelegt werden, m\u00fcssen die Web-Seiten des ACT bei kommerziellen Anbietern alleiniger Bestandteil des Browser-Fensters sein.<\/p>\n<p>Die auf dieser Seite angegebenen Links erm\u00f6glichen den Zugriff auf Informationen im Internet. Es wird darauf hingewiesen, dass f\u00fcr Inhalt und Gestaltung dieser Internetseiten ausschlie\u00dflich der jeweilige Anbieter verantwortlich ist. Die ACT \u00fcbernimmt keine Haftung f\u00fcr solche Anbieter und deren Informationen.<\/p>\n<p>Die ACT schlie\u00dft jegliche Haftung f\u00fcr Sch\u00e4den, die direkt oder indirekt aus der Benutzung dieser Website entstehen aus, soweit diese nicht auf Vorsatz oder grober Fahrl\u00e4ssigkeit vom ACT beruhen.<\/p>\n<p>F\u00fcr Verbesserungsvorschl\u00e4ge bzw. Hinweise f\u00fcr weiteren Informationsbedarf sind wir Ihnen jederzeit dankbar. Bitte senden Sie eine Mail an unseren Webmaster, der dann Ihre Vorschl\u00e4ge aufgreifen wird. Wir bedanken uns bereits jetzt f\u00fcr Ihre aktive Unterst\u00fctzung.<\/p>\n<\/div><\/section><\/div>","protected":false},"excerpt":{"rendered":"","protected":false},"author":2,"featured_media":0,"parent":0,"menu_order":0,"comment_status":"closed","ping_status":"closed","template":"","meta":{"footnotes":""},"class_list":["post-178","page","type-page","status-publish","hentry"],"yoast_head":"<!-- This site is optimized with the Yoast SEO plugin v27.5 - https:\/\/yoast.com\/product\/yoast-seo-wordpress\/ -->\n<title>Impressum - ACT Audit<\/title>\n<meta name=\"robots\" content=\"index, follow, max-snippet:-1, max-image-preview:large, max-video-preview:-1\" \/>\n<link rel=\"canonical\" href=\"https:\/\/actaudit.de\/en\/impressum\/\" \/>\n<meta property=\"og:locale\" content=\"en_US\" \/>\n<meta property=\"og:type\" content=\"article\" \/>\n<meta property=\"og:title\" content=\"Impressum - ACT Audit\" \/>\n<meta property=\"og:url\" content=\"https:\/\/actaudit.de\/en\/impressum\/\" \/>\n<meta property=\"og:site_name\" content=\"ACT Audit\" \/>\n<meta property=\"article:modified_time\" content=\"2023-10-17T07:45:14+00:00\" \/>\n<meta name=\"twitter:card\" content=\"summary_large_image\" \/>\n<meta name=\"twitter:label1\" content=\"Est. reading time\" \/>\n\t<meta name=\"twitter:data1\" content=\"4 minutes\" \/>\n<script type=\"application\/ld+json\" class=\"yoast-schema-graph\">{\"@context\":\"https:\\\/\\\/schema.org\",\"@graph\":[{\"@type\":\"WebPage\",\"@id\":\"https:\\\/\\\/actaudit.de\\\/impressum\",\"url\":\"https:\\\/\\\/actaudit.de\\\/impressum\",\"name\":\"Impressum - ACT Audit\",\"isPartOf\":{\"@id\":\"https:\\\/\\\/actaudit.de\\\/#website\"},\"datePublished\":\"2023-03-07T11:31:40+00:00\",\"dateModified\":\"2023-10-17T07:45:14+00:00\",\"breadcrumb\":{\"@id\":\"https:\\\/\\\/actaudit.de\\\/impressum#breadcrumb\"},\"inLanguage\":\"en-US\",\"potentialAction\":[{\"@type\":\"ReadAction\",\"target\":[\"https:\\\/\\\/actaudit.de\\\/impressum\"]}]},{\"@type\":\"BreadcrumbList\",\"@id\":\"https:\\\/\\\/actaudit.de\\\/impressum#breadcrumb\",\"itemListElement\":[{\"@type\":\"ListItem\",\"position\":1,\"name\":\"Startseite\",\"item\":\"https:\\\/\\\/actaudit.de\\\/home\"},{\"@type\":\"ListItem\",\"position\":2,\"name\":\"Impressum\"}]},{\"@type\":\"WebSite\",\"@id\":\"https:\\\/\\\/actaudit.de\\\/#website\",\"url\":\"https:\\\/\\\/actaudit.de\\\/\",\"name\":\"ACT Audit\",\"description\":\"Wirtschaftspr\u00fcfungsgesellschaft\",\"potentialAction\":[{\"@type\":\"SearchAction\",\"target\":{\"@type\":\"EntryPoint\",\"urlTemplate\":\"https:\\\/\\\/actaudit.de\\\/?s={search_term_string}\"},\"query-input\":{\"@type\":\"PropertyValueSpecification\",\"valueRequired\":true,\"valueName\":\"search_term_string\"}}],\"inLanguage\":\"en-US\"}]}<\/script>\n<!-- \/ Yoast SEO plugin. -->","yoast_head_json":{"title":"Impressum - ACT Audit","robots":{"index":"index","follow":"follow","max-snippet":"max-snippet:-1","max-image-preview":"max-image-preview:large","max-video-preview":"max-video-preview:-1"},"canonical":"https:\/\/actaudit.de\/en\/impressum\/","og_locale":"en_US","og_type":"article","og_title":"Impressum - ACT Audit","og_url":"https:\/\/actaudit.de\/en\/impressum\/","og_site_name":"ACT Audit","article_modified_time":"2023-10-17T07:45:14+00:00","twitter_card":"summary_large_image","twitter_misc":{"Est. reading time":"4 minutes"},"schema":{"@context":"https:\/\/schema.org","@graph":[{"@type":"WebPage","@id":"https:\/\/actaudit.de\/impressum","url":"https:\/\/actaudit.de\/impressum","name":"Impressum - ACT Audit","isPartOf":{"@id":"https:\/\/actaudit.de\/#website"},"datePublished":"2023-03-07T11:31:40+00:00","dateModified":"2023-10-17T07:45:14+00:00","breadcrumb":{"@id":"https:\/\/actaudit.de\/impressum#breadcrumb"},"inLanguage":"en-US","potentialAction":[{"@type":"ReadAction","target":["https:\/\/actaudit.de\/impressum"]}]},{"@type":"BreadcrumbList","@id":"https:\/\/actaudit.de\/impressum#breadcrumb","itemListElement":[{"@type":"ListItem","position":1,"name":"Startseite","item":"https:\/\/actaudit.de\/home"},{"@type":"ListItem","position":2,"name":"Impressum"}]},{"@type":"WebSite","@id":"https:\/\/actaudit.de\/#website","url":"https:\/\/actaudit.de\/","name":"ACT Audit","description":"Wirtschaftspr\u00fcfungsgesellschaft","potentialAction":[{"@type":"SearchAction","target":{"@type":"EntryPoint","urlTemplate":"https:\/\/actaudit.de\/?s={search_term_string}"},"query-input":{"@type":"PropertyValueSpecification","valueRequired":true,"valueName":"search_term_string"}}],"inLanguage":"en-US"}]}},"_links":{"self":[{"href":"https:\/\/actaudit.de\/en\/wp-json\/wp\/v2\/pages\/178","targetHints":{"allow":["GET"]}}],"collection":[{"href":"https:\/\/actaudit.de\/en\/wp-json\/wp\/v2\/pages"}],"about":[{"href":"https:\/\/actaudit.de\/en\/wp-json\/wp\/v2\/types\/page"}],"author":[{"embeddable":true,"href":"https:\/\/actaudit.de\/en\/wp-json\/wp\/v2\/users\/2"}],"replies":[{"embeddable":true,"href":"https:\/\/actaudit.de\/en\/wp-json\/wp\/v2\/comments?post=178"}],"version-history":[{"count":8,"href":"https:\/\/actaudit.de\/en\/wp-json\/wp\/v2\/pages\/178\/revisions"}],"predecessor-version":[{"id":1151,"href":"https:\/\/actaudit.de\/en\/wp-json\/wp\/v2\/pages\/178\/revisions\/1151"}],"wp:attachment":[{"href":"https:\/\/actaudit.de\/en\/wp-json\/wp\/v2\/media?parent=178"}],"curies":[{"name":"wp","href":"https:\/\/api.w.org\/{rel}","templated":true}]}}