{"id":187,"date":"2023-03-07T11:52:33","date_gmt":"2023-03-07T11:52:33","guid":{"rendered":"https:\/\/neu.actaudit.de\/?page_id=187"},"modified":"2023-07-11T14:13:11","modified_gmt":"2023-07-11T14:13:11","slug":"unternehmensbewertungen","status":"publish","type":"page","link":"https:\/\/actaudit.de\/en\/unternehmensbewertungen","title":{"rendered":"Unternehmensbewertungen"},"content":{"rendered":"<style type=\"text\/css\" data-created_by=\"avia_inline_auto\" id=\"style-css-av-lf6ovgbb-db6b95aba6b45e3e82d2db917eeffa1a\">\n.avia-section.av-lf6ovgbb-db6b95aba6b45e3e82d2db917eeffa1a{\nbackground-repeat:no-repeat;\nbackground-image:url(https:\/\/actaudit.de\/wp-content\/uploads\/2023\/04\/Slider_Unternehmensbewertungen_0012_UN_110423.jpg);\nbackground-position:50% 50%;\nbackground-attachment:scroll;\n}\n<\/style>\n<div id='av_section_1'  class='avia-section av-lf6ovgbb-db6b95aba6b45e3e82d2db917eeffa1a main_color avia-section-default avia-no-border-styling  avia-builder-el-0  el_before_av_hr  avia-builder-el-first  avia-full-stretch avia-bg-style-scroll av-minimum-height av-minimum-height-20 av-height-percent  container_wrap fullsize'  data-section-bg-repeat='stretch' data-av_minimum_height_pc='20' data-av_min_height_opt='percent'><div class='container av-section-cont-open' ><main  role=\"main\" itemprop=\"mainContentOfPage\"  class='template-page content  av-content-full alpha units'><div class='post-entry post-entry-type-page post-entry-187'><div class='entry-content-wrapper clearfix'>\n\n<style type=\"text\/css\" data-created_by=\"avia_inline_auto\" id=\"style-css-av-lf6ov3wf-726e2a565af166456917289332c3f6a5\">\n#top .av-special-heading.av-lf6ov3wf-726e2a565af166456917289332c3f6a5{\npadding-bottom:10px;\ncolor:#ffffff;\nfont-size:40px;\n}\nbody .av-special-heading.av-lf6ov3wf-726e2a565af166456917289332c3f6a5 .av-special-heading-tag .heading-char{\nfont-size:25px;\n}\n#top #wrap_all .av-special-heading.av-lf6ov3wf-726e2a565af166456917289332c3f6a5 .av-special-heading-tag{\nfont-size:40px;\n}\n.av-special-heading.av-lf6ov3wf-726e2a565af166456917289332c3f6a5 .special-heading-inner-border{\nborder-color:rgba(255,255,255,0.01);\n}\n.av-special-heading.av-lf6ov3wf-726e2a565af166456917289332c3f6a5 .av-subheading{\nfont-size:15px;\n}\nbody .av-special-heading.av-lf6ov3wf-726e2a565af166456917289332c3f6a5 .av-special-heading-tag .heading-wrap:before{\nborder-color:rgba(255,255,255,0.01);\n}\nbody .av-special-heading.av-lf6ov3wf-726e2a565af166456917289332c3f6a5 .av-special-heading-tag .heading-wrap:after{\nborder-color:rgba(255,255,255,0.01);\n}\n\n@media only screen and (min-width: 480px) and (max-width: 767px){ \n#top #wrap_all .av-special-heading.av-lf6ov3wf-726e2a565af166456917289332c3f6a5 .av-special-heading-tag{\nfont-size:0.8em;\n}\n}\n\n@media only screen and (max-width: 479px){ \n#top #wrap_all .av-special-heading.av-lf6ov3wf-726e2a565af166456917289332c3f6a5 .av-special-heading-tag{\nfont-size:0.8em;\n}\n}\n<\/style>\n<div  class='av-special-heading av-lf6ov3wf-726e2a565af166456917289332c3f6a5 av-special-heading-h3 custom-color-heading blockquote elegant-quote elegant-centered  avia-builder-el-1  avia-builder-el-no-sibling  av-inherit-size'><h3 class='av-special-heading-tag'  itemprop=\"headline\"  ><span class=\"heading-wrap\">UNTERNEHMENSBEWERTUNG<\/span><\/h3><div class=\"special-heading-border\"><div class=\"special-heading-inner-border\"><\/div><\/div><\/div>\n<\/div><\/div><\/main><!-- close content main element --><\/div><\/div><div id='after_section_1'  class='main_color av_default_container_wrap container_wrap fullsize'  ><div class='container av-section-cont-open' ><div class='template-page content  av-content-full alpha units'><div class='post-entry post-entry-type-page post-entry-187'><div class='entry-content-wrapper clearfix'>\n\n<style type=\"text\/css\" data-created_by=\"avia_inline_auto\" id=\"style-css-av-6m9az-23053be2cf4e3bb2ede9863a9da994d4\">\n#top .hr.av-6m9az-23053be2cf4e3bb2ede9863a9da994d4{\nmargin-top:30px;\nmargin-bottom:80px;\n}\n.hr.av-6m9az-23053be2cf4e3bb2ede9863a9da994d4 .hr-inner{\nwidth:60px;\nborder-color:#7f2629;\nmax-width:45%;\n}\n.hr.av-6m9az-23053be2cf4e3bb2ede9863a9da994d4 .av-seperator-icon{\ncolor:#a79f88;\n}\n.hr.av-6m9az-23053be2cf4e3bb2ede9863a9da994d4 .av-seperator-icon.avia-svg-icon svg:first-child{\nfill:#a79f88;\nstroke:#a79f88;\n}\n<\/style>\n<div  class='hr av-6m9az-23053be2cf4e3bb2ede9863a9da994d4 hr-custom  avia-builder-el-2  el_after_av_section  el_before_av_two_third  avia-builder-el-first  hr-center hr-icon-yes'><span class='hr-inner inner-border-av-border-fat'><span class=\"hr-inner-style\"><\/span><\/span><span class='av-seperator-icon avia-iconfont avia-font-fontello' data-av_icon='\ue800' data-av_iconfont='fontello' ><\/span><span class='hr-inner inner-border-av-border-fat'><span class=\"hr-inner-style\"><\/span><\/span><\/div>\n<div  class='flex_column av-cmjkj-066594c84d7c66a40ffea77dfb6c98f0 av_two_third  avia-builder-el-3  el_after_av_hr  el_before_av_one_third  first flex_column_div'     ><style type=\"text\/css\" data-created_by=\"avia_inline_auto\" id=\"style-css-av-az683-a1bfc2e16ed5a8880c4d19871b4e4790\">\n#top .av_textblock_section.av-az683-a1bfc2e16ed5a8880c4d19871b4e4790 .avia_textblock{\ncolor:#000000;\n}\n<\/style>\n<section  class='av_textblock_section av-az683-a1bfc2e16ed5a8880c4d19871b4e4790'   itemscope=\"itemscope\" itemtype=\"https:\/\/schema.org\/CreativeWork\" ><div class='avia_textblock av_inherit_color'  itemprop=\"text\" ><h2>Was ist Ihr Unternehmen wert?<\/h2>\n<p>Sind Sie auf der Suche nach einer pr\u00e4zisen und umfassenden Unternehmensbewertung? Sie fragen sich: Was ist mein Unternehmen wert? Dann sind Sie bei uns genau an der richtigen Adresse. Wir stellen eine breite Palette von Dienstleistungen im Bereich der Unternehmensbewertung zur Verf\u00fcgung, die auf Ihre individuellen Bed\u00fcrfnisse und Notwendigkeiten abgestimmt sind.<\/p>\n<p>Egal, ob es <strong>gesellschaftsrechtliche <\/strong>(z.B. Eintritt oder Austritt aus einer Gesellschaft), <strong>erbrechtliche<\/strong> (z.B. bei Pflichtteilsanspr\u00fcchen, oder erbrechtlichen Streitigkeiten), <strong>familienrechtliche<\/strong> (z.B. Scheidung), <strong>steuerliche<\/strong> (z.B. Schenkung des Unternehmens auf Kinder), <strong>unternehmerische<\/strong> (z.B. bei Bankfinanzierungen oder Unternehmensumstrukturierungen), oder <strong>transaktionsmotivierte<\/strong> (z.B. Kauf oder Verkauf eines Unternehmens) <strong>Gr\u00fcnde<\/strong>, bei uns finden Sie die passende Expertise.<\/p>\n<p>Auch besonders f\u00fcr den Fall, dass Sie einen <strong>\u00f6ffentlich bestellten und vereidigten Sachverst\u00e4ndigen <\/strong>brauchen, der ggf. ihr Unternehmen bewerten muss, sind Sie bei uns genau an der richtigen Stelle.<\/p>\n<p><span style=\"color: #800000;\"><strong>Worauf es ankommt<\/strong><\/span><\/p>\n<p>Da es nicht \u201eden\u201c richtigen Unternehmenswert gibt, sondern ganz viele richtige Unternehmenswerte, kommt es gerade darauf an, welche <strong>Rolle der Bewerter<\/strong> einnehmen soll. Ist er <strong>Partei<\/strong>, welche versucht f\u00fcr seine \u201ePartei\u201c den optimalen Unternehmenswert \u201eherauszuholen\u201c, oder ist er <strong>sachverst\u00e4ndiger und neutraler Dritter<\/strong>, der f\u00fcr die Vertragsparteien einen \u201efairen\u201c Unternehmenswert ermitteln soll.<\/p>\n<p>Da wir alle Rollen beherrschen und in einer Vielzahl von Auftr\u00e4gen in den letzten Jahrzehnten aufgetreten sind, kennen wir die besonderen <strong>Stellschrauben einer Unternehmensbewertung<\/strong> und adjustieren diese f\u00fcr ein optimales Ergebnis f\u00fcr unsere Kunden.<\/p>\n<p><span style=\"color: #800000;\"><strong>Bester Service<\/strong><\/span><\/p>\n<p>Wir sind bekannt f\u00fcr unseren hervorragenden Kundenservice und unsere Kompetenz, um auch komplexe Bewertungsfragen zu l\u00f6sen. Unsere Experten begleiten Sie durch jeden Schritt des Prozesses und stellen sicher, dass Sie die notwendigen Informationen erhalten, die f\u00fcr die Erreichung ihres Gesch\u00e4ftszieles notwendig sind.<\/p>\n<p>Z\u00f6gern Sie nicht, auf unsere Expertise im Bereich der Unternehmensbewertung zur\u00fcckzugreifen, um den wahren Wert Ihres Unternehmens zu enth\u00fcllen! Kontaktieren Sie uns gerne f\u00fcr eine kostenlose Erstberatung.<\/p>\n<div class=\"page\" role=\"region\" data-page-number=\"1\" aria-label=\"Seite 1\" data-loaded=\"true\">\n<div class=\"textLayer\"><\/div>\n<\/div>\n<p class=\"p1\" style=\"text-align: center;\">\n<\/div><\/section><\/div>\n<style type=\"text\/css\" data-created_by=\"avia_inline_auto\" id=\"style-css-av-142r6r-35ea21f2b021d539b3fdd4465ec93961\">\n.flex_column.av-142r6r-35ea21f2b021d539b3fdd4465ec93961{\npadding:30px 30px 30px 30px;\nbackground-color:#a79f88;\n}\n<\/style>\n<div  class='flex_column av-142r6r-35ea21f2b021d539b3fdd4465ec93961 av_one_third  avia-builder-el-5  el_after_av_two_third  avia-builder-el-last  flex_column_div'     ><form action=\"https:\/\/actaudit.de\/en\/unternehmensbewertungen\/\" method=\"post\" data-fields-with-error=\"Found errors in the following field(s):\" class=\"avia_ajax_form av-form-labels-visible   avia-builder-el-6  avia-builder-el-no-sibling\" data-avia-form-id=\"1\" data-avia-redirect='' data-trp-original-action=\"https:\/\/actaudit.de\/en\/unternehmensbewertungen\" ><h2 class=''>Erfahren Sie mehr \u00fcber das Thema!<\/h2><fieldset><p class='first_form  form_element form_fullwidth' id='element_avia_1_1'><label for=\"avia_1_1\">Name <abbr class=\"required\" title=\"required\">*<\/abbr><\/label> <input name=\"avia_1_1\" class=\"text_input is_empty\" type=\"text\" id=\"avia_1_1\" value=\"\" \/><\/p><p class='first_form  form_element form_fullwidth' id='element_avia_2_1'><label for=\"avia_2_1\">E-Mail <abbr class=\"required\" title=\"required\">*<\/abbr><\/label> <input name=\"avia_2_1\" class=\"text_input is_email\" type=\"text\" id=\"avia_2_1\" value=\"\" \/><\/p><p class='first_form  form_element form_fullwidth' id='element_avia_3_1'><label for=\"avia_3_1\">Betreff <abbr class=\"required\" title=\"required\">*<\/abbr><\/label> <input name=\"avia_3_1\" class=\"text_input is_empty\" type=\"text\" id=\"avia_3_1\" value=\"\" \/><\/p><p class='first_form  form_element form_fullwidth' id='element_avia_4_1'><label for=\"avia_4_1\" class=\"textare_label hidden textare_label_avia_4_1\">Nachricht <abbr class=\"required\" title=\"required\">*<\/abbr><\/label><textarea  name=\"avia_4_1\" class=\"text_area is_empty\" cols=\"40\" rows=\"7\" id=\"avia_4_1\" ><\/textarea><\/p><p class=\"hidden\"><input type=\"text\" name=\"avia_5_1\" class=\"hidden\" id=\"avia_5_1\" value=\"\" \/><\/p><p class='form_element form_fullwidth' id='element_avia_6_1'><span class='value_verifier_label'>0 + 3 = ?<\/span><input name=\"avia_6_1_verifier\" type=\"hidden\" id=\"avia_6_1_verifier\" value=\"144734474\"\/><label for=\"avia_6_1\">Please prove that you are human by solving the equation <abbr class=\"required\" title=\"required\">*<\/abbr><\/label><input name=\"avia_6_1\" class=\"text_input captcha\" type=\"text\" id=\"avia_6_1\" value=\"\"\/><\/p><p class=\"form_element\"><input type=\"hidden\" value=\"1\" name=\"avia_generated_form1\" \/><input type=\"submit\" value=\"SENDEN\" class=\"button\"  data-sending-label=\"Sending\"\/><\/p><\/fieldset><input type=\"hidden\" name=\"trp-form-language\" value=\"en\"\/><\/form><div id=\"ajaxresponse_1\" class=\"ajaxresponse ajaxresponse_1 hidden\"><\/div><\/div><\/p>","protected":false},"excerpt":{"rendered":"","protected":false},"author":2,"featured_media":0,"parent":0,"menu_order":0,"comment_status":"closed","ping_status":"closed","template":"","meta":{"footnotes":""},"class_list":["post-187","page","type-page","status-publish","hentry"],"yoast_head":"<!-- This site is optimized with the Yoast SEO plugin v27.5 - https:\/\/yoast.com\/product\/yoast-seo-wordpress\/ -->\n<title>Unternehmensbewertungen - ACT Audit<\/title>\n<meta name=\"robots\" content=\"index, follow, max-snippet:-1, max-image-preview:large, max-video-preview:-1\" \/>\n<link rel=\"canonical\" href=\"https:\/\/actaudit.de\/en\/unternehmensbewertungen\/\" \/>\n<meta property=\"og:locale\" content=\"en_US\" \/>\n<meta property=\"og:type\" content=\"article\" \/>\n<meta property=\"og:title\" content=\"Unternehmensbewertungen - ACT Audit\" \/>\n<meta property=\"og:url\" content=\"https:\/\/actaudit.de\/en\/unternehmensbewertungen\/\" \/>\n<meta property=\"og:site_name\" content=\"ACT Audit\" \/>\n<meta property=\"article:modified_time\" content=\"2023-07-11T14:13:11+00:00\" \/>\n<meta name=\"twitter:card\" content=\"summary_large_image\" \/>\n<meta name=\"twitter:label1\" content=\"Est. reading time\" \/>\n\t<meta name=\"twitter:data1\" content=\"5 minutes\" \/>\n<script type=\"application\/ld+json\" class=\"yoast-schema-graph\">{\"@context\":\"https:\\\/\\\/schema.org\",\"@graph\":[{\"@type\":\"WebPage\",\"@id\":\"https:\\\/\\\/actaudit.de\\\/unternehmensbewertungen\",\"url\":\"https:\\\/\\\/actaudit.de\\\/unternehmensbewertungen\",\"name\":\"Unternehmensbewertungen - ACT Audit\",\"isPartOf\":{\"@id\":\"https:\\\/\\\/actaudit.de\\\/#website\"},\"datePublished\":\"2023-03-07T11:52:33+00:00\",\"dateModified\":\"2023-07-11T14:13:11+00:00\",\"breadcrumb\":{\"@id\":\"https:\\\/\\\/actaudit.de\\\/unternehmensbewertungen#breadcrumb\"},\"inLanguage\":\"en-US\",\"potentialAction\":[{\"@type\":\"ReadAction\",\"target\":[\"https:\\\/\\\/actaudit.de\\\/unternehmensbewertungen\"]}]},{\"@type\":\"BreadcrumbList\",\"@id\":\"https:\\\/\\\/actaudit.de\\\/unternehmensbewertungen#breadcrumb\",\"itemListElement\":[{\"@type\":\"ListItem\",\"position\":1,\"name\":\"Startseite\",\"item\":\"https:\\\/\\\/actaudit.de\\\/home\"},{\"@type\":\"ListItem\",\"position\":2,\"name\":\"Unternehmensbewertungen\"}]},{\"@type\":\"WebSite\",\"@id\":\"https:\\\/\\\/actaudit.de\\\/#website\",\"url\":\"https:\\\/\\\/actaudit.de\\\/\",\"name\":\"ACT Audit\",\"description\":\"Wirtschaftspr\u00fcfungsgesellschaft\",\"potentialAction\":[{\"@type\":\"SearchAction\",\"target\":{\"@type\":\"EntryPoint\",\"urlTemplate\":\"https:\\\/\\\/actaudit.de\\\/?s={search_term_string}\"},\"query-input\":{\"@type\":\"PropertyValueSpecification\",\"valueRequired\":true,\"valueName\":\"search_term_string\"}}],\"inLanguage\":\"en-US\"}]}<\/script>\n<!-- \/ Yoast SEO plugin. -->","yoast_head_json":{"title":"Unternehmensbewertungen - ACT Audit","robots":{"index":"index","follow":"follow","max-snippet":"max-snippet:-1","max-image-preview":"max-image-preview:large","max-video-preview":"max-video-preview:-1"},"canonical":"https:\/\/actaudit.de\/en\/unternehmensbewertungen\/","og_locale":"en_US","og_type":"article","og_title":"Unternehmensbewertungen - ACT Audit","og_url":"https:\/\/actaudit.de\/en\/unternehmensbewertungen\/","og_site_name":"ACT Audit","article_modified_time":"2023-07-11T14:13:11+00:00","twitter_card":"summary_large_image","twitter_misc":{"Est. reading time":"5 minutes"},"schema":{"@context":"https:\/\/schema.org","@graph":[{"@type":"WebPage","@id":"https:\/\/actaudit.de\/unternehmensbewertungen","url":"https:\/\/actaudit.de\/unternehmensbewertungen","name":"Unternehmensbewertungen - ACT Audit","isPartOf":{"@id":"https:\/\/actaudit.de\/#website"},"datePublished":"2023-03-07T11:52:33+00:00","dateModified":"2023-07-11T14:13:11+00:00","breadcrumb":{"@id":"https:\/\/actaudit.de\/unternehmensbewertungen#breadcrumb"},"inLanguage":"en-US","potentialAction":[{"@type":"ReadAction","target":["https:\/\/actaudit.de\/unternehmensbewertungen"]}]},{"@type":"BreadcrumbList","@id":"https:\/\/actaudit.de\/unternehmensbewertungen#breadcrumb","itemListElement":[{"@type":"ListItem","position":1,"name":"Startseite","item":"https:\/\/actaudit.de\/home"},{"@type":"ListItem","position":2,"name":"Unternehmensbewertungen"}]},{"@type":"WebSite","@id":"https:\/\/actaudit.de\/#website","url":"https:\/\/actaudit.de\/","name":"ACT Audit","description":"Wirtschaftspr\u00fcfungsgesellschaft","potentialAction":[{"@type":"SearchAction","target":{"@type":"EntryPoint","urlTemplate":"https:\/\/actaudit.de\/?s={search_term_string}"},"query-input":{"@type":"PropertyValueSpecification","valueRequired":true,"valueName":"search_term_string"}}],"inLanguage":"en-US"}]}},"_links":{"self":[{"href":"https:\/\/actaudit.de\/en\/wp-json\/wp\/v2\/pages\/187","targetHints":{"allow":["GET"]}}],"collection":[{"href":"https:\/\/actaudit.de\/en\/wp-json\/wp\/v2\/pages"}],"about":[{"href":"https:\/\/actaudit.de\/en\/wp-json\/wp\/v2\/types\/page"}],"author":[{"embeddable":true,"href":"https:\/\/actaudit.de\/en\/wp-json\/wp\/v2\/users\/2"}],"replies":[{"embeddable":true,"href":"https:\/\/actaudit.de\/en\/wp-json\/wp\/v2\/comments?post=187"}],"version-history":[{"count":19,"href":"https:\/\/actaudit.de\/en\/wp-json\/wp\/v2\/pages\/187\/revisions"}],"predecessor-version":[{"id":714,"href":"https:\/\/actaudit.de\/en\/wp-json\/wp\/v2\/pages\/187\/revisions\/714"}],"wp:attachment":[{"href":"https:\/\/actaudit.de\/en\/wp-json\/wp\/v2\/media?parent=187"}],"curies":[{"name":"wp","href":"https:\/\/api.w.org\/{rel}","templated":true}]}}