{"id":189,"date":"2023-03-07T11:54:19","date_gmt":"2023-03-07T11:54:19","guid":{"rendered":"https:\/\/neu.actaudit.de\/?page_id=189"},"modified":"2023-07-12T13:24:14","modified_gmt":"2023-07-12T13:24:14","slug":"unternehmensnachfolgeberatung","status":"publish","type":"page","link":"https:\/\/actaudit.de\/en\/unternehmensnachfolgeberatung","title":{"rendered":"Unternehmensnachfolgeberatung"},"content":{"rendered":"<style type=\"text\/css\" data-created_by=\"avia_inline_auto\" id=\"style-css-av-lf6oug2b-029d425900e0116dbf292b91da141674\">\n.avia-section.av-lf6oug2b-029d425900e0116dbf292b91da141674{\nbackground-repeat:no-repeat;\nbackground-image:url(https:\/\/actaudit.de\/wp-content\/uploads\/2023\/04\/Slider_Unternehmensnachfolgeberatung_0012_UN_110423.jpg);\nbackground-position:50% 50%;\nbackground-attachment:scroll;\n}\n<\/style>\n<div id='av_section_1'  class='avia-section av-lf6oug2b-029d425900e0116dbf292b91da141674 main_color avia-section-default avia-no-border-styling  avia-builder-el-0  el_before_av_hr  avia-builder-el-first  avia-full-stretch avia-bg-style-scroll av-minimum-height av-minimum-height-20 av-height-percent  container_wrap fullsize'  data-section-bg-repeat='stretch' data-av_minimum_height_pc='20' data-av_min_height_opt='percent'><div class='container av-section-cont-open' ><main  role=\"main\" itemprop=\"mainContentOfPage\"  class='template-page content  av-content-full alpha units'><div class='post-entry post-entry-type-page post-entry-189'><div class='entry-content-wrapper clearfix'>\n\n<style type=\"text\/css\" data-created_by=\"avia_inline_auto\" id=\"style-css-av-lf6otsk7-15233a50f7ea71d8ac44fb18e7088697\">\n#top .av-special-heading.av-lf6otsk7-15233a50f7ea71d8ac44fb18e7088697{\npadding-bottom:10px;\ncolor:#ffffff;\nfont-size:40px;\n}\nbody .av-special-heading.av-lf6otsk7-15233a50f7ea71d8ac44fb18e7088697 .av-special-heading-tag .heading-char{\nfont-size:25px;\n}\n#top #wrap_all .av-special-heading.av-lf6otsk7-15233a50f7ea71d8ac44fb18e7088697 .av-special-heading-tag{\nfont-size:40px;\n}\n.av-special-heading.av-lf6otsk7-15233a50f7ea71d8ac44fb18e7088697 .special-heading-inner-border{\nborder-color:rgba(255,255,255,0.01);\n}\n.av-special-heading.av-lf6otsk7-15233a50f7ea71d8ac44fb18e7088697 .av-subheading{\nfont-size:15px;\n}\nbody .av-special-heading.av-lf6otsk7-15233a50f7ea71d8ac44fb18e7088697 .av-special-heading-tag .heading-wrap:before{\nborder-color:rgba(255,255,255,0.01);\n}\nbody .av-special-heading.av-lf6otsk7-15233a50f7ea71d8ac44fb18e7088697 .av-special-heading-tag .heading-wrap:after{\nborder-color:rgba(255,255,255,0.01);\n}\n\n@media only screen and (min-width: 480px) and (max-width: 767px){ \n#top #wrap_all .av-special-heading.av-lf6otsk7-15233a50f7ea71d8ac44fb18e7088697 .av-special-heading-tag{\nfont-size:0.8em;\n}\n}\n\n@media only screen and (max-width: 479px){ \n#top #wrap_all .av-special-heading.av-lf6otsk7-15233a50f7ea71d8ac44fb18e7088697 .av-special-heading-tag{\nfont-size:0.8em;\n}\n}\n<\/style>\n<div  class='av-special-heading av-lf6otsk7-15233a50f7ea71d8ac44fb18e7088697 av-special-heading-h3 custom-color-heading blockquote elegant-quote elegant-centered  avia-builder-el-1  avia-builder-el-no-sibling  av-inherit-size'><h3 class='av-special-heading-tag'  itemprop=\"headline\"  ><span class=\"heading-wrap\">UNTERNEHMENSNACHFOLGEBERATUNG<\/span><\/h3><div class=\"special-heading-border\"><div class=\"special-heading-inner-border\"><\/div><\/div><\/div>\n<\/div><\/div><\/main><!-- close content main element --><\/div><\/div><div id='after_section_1'  class='main_color av_default_container_wrap container_wrap fullsize'  ><div class='container av-section-cont-open' ><div class='template-page content  av-content-full alpha units'><div class='post-entry post-entry-type-page post-entry-189'><div class='entry-content-wrapper clearfix'>\n\n<style type=\"text\/css\" data-created_by=\"avia_inline_auto\" id=\"style-css-av-6vxat-108b06104f21d7cfd21da942f93df1f0\">\n#top .hr.av-6vxat-108b06104f21d7cfd21da942f93df1f0{\nmargin-top:30px;\nmargin-bottom:80px;\n}\n.hr.av-6vxat-108b06104f21d7cfd21da942f93df1f0 .hr-inner{\nwidth:60px;\nborder-color:#7f2629;\nmax-width:45%;\n}\n.hr.av-6vxat-108b06104f21d7cfd21da942f93df1f0 .av-seperator-icon{\ncolor:#a79f88;\n}\n.hr.av-6vxat-108b06104f21d7cfd21da942f93df1f0 .av-seperator-icon.avia-svg-icon svg:first-child{\nfill:#a79f88;\nstroke:#a79f88;\n}\n<\/style>\n<div  class='hr av-6vxat-108b06104f21d7cfd21da942f93df1f0 hr-custom  avia-builder-el-2  el_after_av_section  el_before_av_two_third  avia-builder-el-first  hr-center hr-icon-yes'><span class='hr-inner inner-border-av-border-fat'><span class=\"hr-inner-style\"><\/span><\/span><span class='av-seperator-icon avia-iconfont avia-font-fontello' data-av_icon='\ue800' data-av_iconfont='fontello' ><\/span><span class='hr-inner inner-border-av-border-fat'><span class=\"hr-inner-style\"><\/span><\/span><\/div>\n<div  class='flex_column av-gpdu5-c4c8329de466ee9d749471eaf5f6f9ad av_two_third  avia-builder-el-3  el_after_av_hr  el_before_av_one_third  first flex_column_div'     ><p>\n<style type=\"text\/css\" data-created_by=\"avia_inline_auto\" id=\"style-css-av-lfl84bs5-642f05d14b7eaa7e1a7854665f6c85d0\">\n#top .hr.hr-invisible.av-lfl84bs5-642f05d14b7eaa7e1a7854665f6c85d0{\nheight:30px;\n}\n<\/style>\n<div  class='hr av-lfl84bs5-642f05d14b7eaa7e1a7854665f6c85d0 hr-invisible  avia-builder-el-4  el_before_av_textblock  avia-builder-el-first'><span class='hr-inner'><span class=\"hr-inner-style\"><\/span><\/span><\/div><br \/>\n<section  class='av_textblock_section av-6u8cd-bd91d426ea6160979c136a93fdcdba5e'   itemscope=\"itemscope\" itemtype=\"https:\/\/schema.org\/CreativeWork\" ><div class='avia_textblock'  itemprop=\"text\" ><h2 class=\"p1\" style=\"text-align: left;\"><span class=\"s1\"><b>Neue F\u00fchrung, neue Zukunft<\/b><\/span><\/h2>\n<div class=\"wpb_text_column wpb_content_element\" style=\"text-align: left;\">\n<div class=\"wpb_wrapper\"><\/div>\n<\/div>\n<div class=\"wpb_single_image wpb_content_element vc_align_center\" style=\"text-align: left;\">\n<figure class=\"wpb_wrapper vc_figure\">\n<div class=\"vc_single_image-wrapper vc_box_border_grey\"><\/div>\n<\/figure>\n<\/div>\n<div class=\"vc_empty_space\" style=\"text-align: left;\"><\/div>\n<div class=\"wpb_text_column wpb_content_element\">\n<div class=\"wpb_wrapper\">\n<p style=\"text-align: left;\">Eigent\u00fcmergef\u00fchrte Unternehmen bilden das Fundament\u00a0 der deutschen Volkswirtschaft. Sie stellen hierzulande 90% aller aktiven Unternehmen und 56% der Gesamtbesch\u00e4ftigung. Sie sorgen deutschlandweit f\u00fcr 47% des Gesamtumsatzes. Doch die demografische Entwicklung stellt auch viele Unternehmen vor gro\u00dfe Herausforderungen. Schon derzeit stehen rund 75.000 Unternehmen pro Jahr vor der Aufgabe, einen geeigneten Nachfolger oder eine geeignete Nachfolgerin an der Firmenspitze zu finden. Ihre Zahl wird in den n\u00e4chsten Jahren sprunghaft steigen. Aktuell finden hierbei 54% der Unternehmen eine familieninterne L\u00f6sung. 17% vergeben diese Aufgabe unternehmensintern, 29% \u00fcbertragen sie unternehmensextern. Sollen Wert und Erfolg des Unternehmens auch langfristig gesichert bleiben, bedarf es also einer fr\u00fchzeitigen und strategischen Planung.<br class=\"avia-permanent-lb\" \/><br class=\"avia-permanent-lb\" \/><\/p>\n<p><strong>Die Eckpunkte der Familienstrategie<\/strong><\/p>\n<p>Familieninterne L\u00f6sungen erweisen sich bei Nachfolgeregelungen dabei sehr oft als besonders kompliziert. Denn in diesen F\u00e4llen vermischen sich sachliche mit emotionalen Themen. Gesch\u00e4ftsf\u00fchrende Gesellschafter \u00fcberwerfen sich, Familienst\u00e4mme f\u00fchren Grabenkriege, Nachfolgeregelungen unterbleiben \u2013 die Folge: Nichts geht mehr. Daher empfiehlt es sich, vorab nicht nur die Verm\u00f6genssituation des Unternehmens zu beleuchten. Es ist auch hilfreich, in einem ersten Schritt eine Familienstrategie zu entwickeln. Sie schreibt fest, wie das Unternehmen innerhalb der n\u00e4chsten Familiengeneration gef\u00fchrt werden soll. Das tr\u00e4gt zu Versachlichung und besserer Handlungsf\u00e4higkeit bei. Wir empfehlen, diesen Komplex durch einen psychologisch geschulten Coach zu begleiten. <br class=\"avia-permanent-lb\" \/><br class=\"avia-permanent-lb\" \/><\/p>\n<\/div>\n<\/div>\n<div class=\"vc_empty_space\"><\/div>\n<div class=\"wpb_text_column wpb_content_element\">\n<div class=\"wpb_wrapper\">\n<p><strong>Die Analyse des &#8222;Ist&#8220;-Zustandes<\/strong><\/p>\n<p>F\u00fcr ein fundiertes Konzept einer Unternehmensnachfolge sind fundierte Grundlagen erforderlich: Vertr\u00e4ge, Handels- und Grundbuchausz\u00fcge oder Versicherungspolicen m\u00fcssen mit ihrem letzten Stand und rechtlich abgesichert zusammengetragen werden. Erfahrungsgem\u00e4\u00df ist das bei einer Nachfolgeberatung schon die erste gravierende H\u00fcrde. Deshalb nehmen wir mit Ihnen zusammen eine \u201cIst-Analyse\u201c vor. Sie m\u00fcndet in einen pers\u00f6nlichen \u201cNotfallordner\u201c, in dem alle f\u00fcr die Unternehmerfamilie wichtigen Unterlagen griffbereit zur Verf\u00fcgung stehen. Ein sachverst\u00e4ndiger Dritter wird hinzugezogen, der sich auf dieser Basis in kurzer Zeit ein Gesamtbild von der rechtlichen, wirtschaftlichen und steuerlichen Situation des Auftraggebers machen kann. Das sorgt f\u00fcr Transparenz und Vertrauen; alle Familienangeh\u00f6rigen k\u00f6nnen im Notfall sachlich fundierte Entscheidungen schnell treffen. <br class=\"avia-permanent-lb\" \/><br class=\"avia-permanent-lb\" \/><\/p>\n<\/div>\n<\/div>\n<div class=\"wpb_text_column wpb_content_element\">\n<div class=\"wpb_wrapper\">\n<p><strong>Die Strategien f\u00fcr die \u00dcbertragung von Verm\u00f6gen<\/strong><\/p>\n<p>In Unternehmerfamilien vermischen sich privates und gesch\u00e4ftliches Verm\u00f6gen sehr oft. Um im Rahmen einer Nachfolgeregelung eine faire Verteilung von Verm\u00f6gen vornehmen zu k\u00f6nnen, m\u00fcssen im Vorfeld klare Strukturen geschaffen werden. Ein Beispiel: Dem einen Kind soll das Unternehmen \u00fcbertragen werden, dem anderen die Immobilien. Das wird problematisch, wenn die Immobilien bislang steuerlich als Unternehmensverm\u00f6gen galten. Um steuerlich optimale L\u00f6sungen zu finden, muss das Familienverm\u00f6gen also genau analysiert werden. In diesem Zusammenhang geht es keineswegs wie h\u00e4ufig bei Unternehmen um eine Verlagerung von Steuerzahlungen, sondern um vergleichbare reelle Steuerersparnisse. Dazu bedarf es einer gewissen Vorlaufzeit. Wegen der Beratungs-, Konzeptions- und Eintragungszeiten sowie steuerlicher Fristen lassen sich solche Rechtsgesch\u00e4fte nicht \u00fcber Nacht umsetzen. <br class=\"avia-permanent-lb\" \/><br class=\"avia-permanent-lb\" \/><\/p>\n<p><strong>Die Umsetzung\u00a0 der Nachfolgestrategie<\/strong><\/p>\n<p>Wenn sowohl das Nachfolgekonzept steht als auch die rechtlichen und steuerlichen Vorarbeiten in Sachen Verm\u00f6gensverteilung abgeschlossen sind, geht es daran, dies umzusetzen. Es ist letztlich der rechtliche Vollzug der verabredeten Nachfolgestrategie. Hierzu werden die vorher besprochenen Vertr\u00e4ge umgesetzt. H\u00e4ufig wirken dabei ein Notar und der Nachfolgeberater mit. Auch nach dem rechtlichen Vollzug ist es empfehlenswert, die Vertr\u00e4ge regelm\u00e4\u00dfig zu pr\u00fcfen, um sie gegebenenfalls an ge\u00e4nderte Lebensumst\u00e4nde anzupassen. Hierzu bietet sich ein regelm\u00e4\u00dfiger Kontrollturnus von ein bis drei Jahren an.<\/p>\n<\/div>\n<p>Wenn Sie weitergehende Informationen zu dieser Thematik haben m\u00f6chten, k\u00f6nnen Sie gerne mit uns Kontakt aufnehmen. Ihr freundlicher Ansprechpartner ist <a href=\"mailto: heribert.Warken@actgroup.de\">Heribert Warken<\/a>.<\/p>\n<div class=\"wpb_wrapper\"><\/div>\n<\/div>\n<p class=\"p1\" style=\"text-align: center;\">\n<\/div><\/section><\/p><\/div>\n<style type=\"text\/css\" data-created_by=\"avia_inline_auto\" id=\"style-css-av-13xix1-94dea191ca8664addaeaea3f259788c8\">\n.flex_column.av-13xix1-94dea191ca8664addaeaea3f259788c8{\npadding:30px 30px 30px 30px;\nbackground-color:#a79f88;\n}\n<\/style>\n<div  class='flex_column av-13xix1-94dea191ca8664addaeaea3f259788c8 av_one_third  avia-builder-el-6  el_after_av_two_third  avia-builder-el-last  flex_column_div'     ><form action=\"https:\/\/actaudit.de\/en\/unternehmensnachfolgeberatung\/\" method=\"post\" data-fields-with-error=\"Found errors in the following field(s):\" class=\"avia_ajax_form av-form-labels-visible   avia-builder-el-7  avia-builder-el-no-sibling\" data-avia-form-id=\"1\" data-avia-redirect='' data-trp-original-action=\"https:\/\/actaudit.de\/en\/unternehmensnachfolgeberatung\" ><h2 class=''>Erfahren Sie mehr \u00fcber das Thema!<\/h2><fieldset><p class='first_form  form_element form_fullwidth' id='element_avia_1_1'><label for=\"avia_1_1\">Name <abbr class=\"required\" title=\"required\">*<\/abbr><\/label> <input name=\"avia_1_1\" class=\"text_input is_empty\" type=\"text\" id=\"avia_1_1\" value=\"\" \/><\/p><p class='first_form  form_element form_fullwidth' id='element_avia_2_1'><label for=\"avia_2_1\">E-Mail <abbr class=\"required\" title=\"required\">*<\/abbr><\/label> <input name=\"avia_2_1\" class=\"text_input is_email\" type=\"text\" id=\"avia_2_1\" value=\"\" \/><\/p><p class='first_form  form_element form_fullwidth' id='element_avia_3_1'><label for=\"avia_3_1\">Betreff <abbr class=\"required\" title=\"required\">*<\/abbr><\/label> <input name=\"avia_3_1\" class=\"text_input is_empty\" type=\"text\" id=\"avia_3_1\" value=\"\" \/><\/p><p class='first_form  form_element form_fullwidth' id='element_avia_4_1'><label for=\"avia_4_1\" class=\"textare_label hidden textare_label_avia_4_1\">Nachricht <abbr class=\"required\" title=\"required\">*<\/abbr><\/label><textarea  name=\"avia_4_1\" class=\"text_area is_empty\" cols=\"40\" rows=\"7\" id=\"avia_4_1\" ><\/textarea><\/p><p class=\"hidden\"><input type=\"text\" name=\"avia_5_1\" class=\"hidden\" id=\"avia_5_1\" value=\"\" \/><\/p><p class='form_element form_fullwidth' id='element_avia_6_1'><span class='value_verifier_label'>1 + 2 = ?<\/span><input name=\"avia_6_1_verifier\" type=\"hidden\" id=\"avia_6_1_verifier\" value=\"264423665\"\/><label for=\"avia_6_1\">Please prove that you are human by solving the equation <abbr class=\"required\" title=\"required\">*<\/abbr><\/label><input name=\"avia_6_1\" class=\"text_input captcha\" type=\"text\" id=\"avia_6_1\" value=\"\"\/><\/p><p class=\"form_element\"><input type=\"hidden\" value=\"1\" name=\"avia_generated_form1\" \/><input type=\"submit\" value=\"SENDEN\" class=\"button\"  data-sending-label=\"Sending\"\/><\/p><\/fieldset><input type=\"hidden\" name=\"trp-form-language\" value=\"en\"\/><\/form><div id=\"ajaxresponse_1\" class=\"ajaxresponse ajaxresponse_1 hidden\"><\/div><\/div><\/p>","protected":false},"excerpt":{"rendered":"","protected":false},"author":2,"featured_media":0,"parent":0,"menu_order":0,"comment_status":"closed","ping_status":"closed","template":"","meta":{"footnotes":""},"class_list":["post-189","page","type-page","status-publish","hentry"],"yoast_head":"<!-- This site is optimized with the Yoast SEO plugin v27.5 - https:\/\/yoast.com\/product\/yoast-seo-wordpress\/ -->\n<title>Unternehmensnachfolgeberatung - ACT Audit<\/title>\n<meta name=\"robots\" content=\"index, follow, max-snippet:-1, max-image-preview:large, max-video-preview:-1\" \/>\n<link rel=\"canonical\" href=\"https:\/\/actaudit.de\/en\/unternehmensnachfolgeberatung\/\" \/>\n<meta property=\"og:locale\" content=\"en_US\" \/>\n<meta property=\"og:type\" content=\"article\" \/>\n<meta property=\"og:title\" content=\"Unternehmensnachfolgeberatung - ACT Audit\" \/>\n<meta property=\"og:url\" content=\"https:\/\/actaudit.de\/en\/unternehmensnachfolgeberatung\/\" \/>\n<meta property=\"og:site_name\" content=\"ACT Audit\" \/>\n<meta property=\"article:modified_time\" content=\"2023-07-12T13:24:14+00:00\" \/>\n<meta name=\"twitter:card\" content=\"summary_large_image\" \/>\n<meta name=\"twitter:label1\" content=\"Est. reading time\" \/>\n\t<meta name=\"twitter:data1\" content=\"6 minutes\" \/>\n<script type=\"application\/ld+json\" class=\"yoast-schema-graph\">{\"@context\":\"https:\\\/\\\/schema.org\",\"@graph\":[{\"@type\":\"WebPage\",\"@id\":\"https:\\\/\\\/actaudit.de\\\/unternehmensnachfolgeberatung\",\"url\":\"https:\\\/\\\/actaudit.de\\\/unternehmensnachfolgeberatung\",\"name\":\"Unternehmensnachfolgeberatung - ACT Audit\",\"isPartOf\":{\"@id\":\"https:\\\/\\\/actaudit.de\\\/#website\"},\"datePublished\":\"2023-03-07T11:54:19+00:00\",\"dateModified\":\"2023-07-12T13:24:14+00:00\",\"breadcrumb\":{\"@id\":\"https:\\\/\\\/actaudit.de\\\/unternehmensnachfolgeberatung#breadcrumb\"},\"inLanguage\":\"en-US\",\"potentialAction\":[{\"@type\":\"ReadAction\",\"target\":[\"https:\\\/\\\/actaudit.de\\\/unternehmensnachfolgeberatung\"]}]},{\"@type\":\"BreadcrumbList\",\"@id\":\"https:\\\/\\\/actaudit.de\\\/unternehmensnachfolgeberatung#breadcrumb\",\"itemListElement\":[{\"@type\":\"ListItem\",\"position\":1,\"name\":\"Startseite\",\"item\":\"https:\\\/\\\/actaudit.de\\\/home\"},{\"@type\":\"ListItem\",\"position\":2,\"name\":\"Unternehmensnachfolgeberatung\"}]},{\"@type\":\"WebSite\",\"@id\":\"https:\\\/\\\/actaudit.de\\\/#website\",\"url\":\"https:\\\/\\\/actaudit.de\\\/\",\"name\":\"ACT Audit\",\"description\":\"Wirtschaftspr\u00fcfungsgesellschaft\",\"potentialAction\":[{\"@type\":\"SearchAction\",\"target\":{\"@type\":\"EntryPoint\",\"urlTemplate\":\"https:\\\/\\\/actaudit.de\\\/?s={search_term_string}\"},\"query-input\":{\"@type\":\"PropertyValueSpecification\",\"valueRequired\":true,\"valueName\":\"search_term_string\"}}],\"inLanguage\":\"en-US\"}]}<\/script>\n<!-- \/ Yoast SEO plugin. -->","yoast_head_json":{"title":"Unternehmensnachfolgeberatung - ACT Audit","robots":{"index":"index","follow":"follow","max-snippet":"max-snippet:-1","max-image-preview":"max-image-preview:large","max-video-preview":"max-video-preview:-1"},"canonical":"https:\/\/actaudit.de\/en\/unternehmensnachfolgeberatung\/","og_locale":"en_US","og_type":"article","og_title":"Unternehmensnachfolgeberatung - ACT Audit","og_url":"https:\/\/actaudit.de\/en\/unternehmensnachfolgeberatung\/","og_site_name":"ACT Audit","article_modified_time":"2023-07-12T13:24:14+00:00","twitter_card":"summary_large_image","twitter_misc":{"Est. reading time":"6 minutes"},"schema":{"@context":"https:\/\/schema.org","@graph":[{"@type":"WebPage","@id":"https:\/\/actaudit.de\/unternehmensnachfolgeberatung","url":"https:\/\/actaudit.de\/unternehmensnachfolgeberatung","name":"Unternehmensnachfolgeberatung - ACT Audit","isPartOf":{"@id":"https:\/\/actaudit.de\/#website"},"datePublished":"2023-03-07T11:54:19+00:00","dateModified":"2023-07-12T13:24:14+00:00","breadcrumb":{"@id":"https:\/\/actaudit.de\/unternehmensnachfolgeberatung#breadcrumb"},"inLanguage":"en-US","potentialAction":[{"@type":"ReadAction","target":["https:\/\/actaudit.de\/unternehmensnachfolgeberatung"]}]},{"@type":"BreadcrumbList","@id":"https:\/\/actaudit.de\/unternehmensnachfolgeberatung#breadcrumb","itemListElement":[{"@type":"ListItem","position":1,"name":"Startseite","item":"https:\/\/actaudit.de\/home"},{"@type":"ListItem","position":2,"name":"Unternehmensnachfolgeberatung"}]},{"@type":"WebSite","@id":"https:\/\/actaudit.de\/#website","url":"https:\/\/actaudit.de\/","name":"ACT Audit","description":"Wirtschaftspr\u00fcfungsgesellschaft","potentialAction":[{"@type":"SearchAction","target":{"@type":"EntryPoint","urlTemplate":"https:\/\/actaudit.de\/?s={search_term_string}"},"query-input":{"@type":"PropertyValueSpecification","valueRequired":true,"valueName":"search_term_string"}}],"inLanguage":"en-US"}]}},"_links":{"self":[{"href":"https:\/\/actaudit.de\/en\/wp-json\/wp\/v2\/pages\/189","targetHints":{"allow":["GET"]}}],"collection":[{"href":"https:\/\/actaudit.de\/en\/wp-json\/wp\/v2\/pages"}],"about":[{"href":"https:\/\/actaudit.de\/en\/wp-json\/wp\/v2\/types\/page"}],"author":[{"embeddable":true,"href":"https:\/\/actaudit.de\/en\/wp-json\/wp\/v2\/users\/2"}],"replies":[{"embeddable":true,"href":"https:\/\/actaudit.de\/en\/wp-json\/wp\/v2\/comments?post=189"}],"version-history":[{"count":13,"href":"https:\/\/actaudit.de\/en\/wp-json\/wp\/v2\/pages\/189\/revisions"}],"predecessor-version":[{"id":1129,"href":"https:\/\/actaudit.de\/en\/wp-json\/wp\/v2\/pages\/189\/revisions\/1129"}],"wp:attachment":[{"href":"https:\/\/actaudit.de\/en\/wp-json\/wp\/v2\/media?parent=189"}],"curies":[{"name":"wp","href":"https:\/\/api.w.org\/{rel}","templated":true}]}}