{"id":192,"date":"2023-03-07T11:57:40","date_gmt":"2023-03-07T11:57:40","guid":{"rendered":"https:\/\/neu.actaudit.de\/?page_id=192"},"modified":"2023-07-12T13:24:59","modified_gmt":"2023-07-12T13:24:59","slug":"internationale-betreuung","status":"publish","type":"page","link":"https:\/\/actaudit.de\/en\/internationale-betreuung","title":{"rendered":"Internationale Betreuung"},"content":{"rendered":"<style type=\"text\/css\" data-created_by=\"avia_inline_auto\" id=\"style-css-av-lf6orh45-74ced1f43bde82cab1233444e3227509\">\n.avia-section.av-lf6orh45-74ced1f43bde82cab1233444e3227509{\nbackground-repeat:no-repeat;\nbackground-image:url(https:\/\/actaudit.de\/wp-content\/uploads\/2023\/04\/Slider_Internationale-Betreuung_0012_UN_110423.jpg);\nbackground-position:50% 50%;\nbackground-attachment:scroll;\n}\n<\/style>\n<div id='av_section_1'  class='avia-section av-lf6orh45-74ced1f43bde82cab1233444e3227509 main_color avia-section-default avia-no-border-styling  avia-builder-el-0  el_before_av_hr  avia-builder-el-first  avia-full-stretch avia-bg-style-scroll av-minimum-height av-minimum-height-20 av-height-percent  container_wrap fullsize'  data-section-bg-repeat='stretch' data-av_minimum_height_pc='20' data-av_min_height_opt='percent'><div class='container av-section-cont-open' ><main  role=\"main\" itemprop=\"mainContentOfPage\"  class='template-page content  av-content-full alpha units'><div class='post-entry post-entry-type-page post-entry-192'><div class='entry-content-wrapper clearfix'>\n\n<style type=\"text\/css\" data-created_by=\"avia_inline_auto\" id=\"style-css-av-lf6or4ip-d2bce05b546c1272c1d9d11dc0eb6895\">\n#top .av-special-heading.av-lf6or4ip-d2bce05b546c1272c1d9d11dc0eb6895{\npadding-bottom:10px;\ncolor:#ffffff;\nfont-size:40px;\n}\nbody .av-special-heading.av-lf6or4ip-d2bce05b546c1272c1d9d11dc0eb6895 .av-special-heading-tag .heading-char{\nfont-size:25px;\n}\n#top #wrap_all .av-special-heading.av-lf6or4ip-d2bce05b546c1272c1d9d11dc0eb6895 .av-special-heading-tag{\nfont-size:40px;\n}\n.av-special-heading.av-lf6or4ip-d2bce05b546c1272c1d9d11dc0eb6895 .special-heading-inner-border{\nborder-color:rgba(255,255,255,0.01);\n}\n.av-special-heading.av-lf6or4ip-d2bce05b546c1272c1d9d11dc0eb6895 .av-subheading{\nfont-size:15px;\n}\nbody .av-special-heading.av-lf6or4ip-d2bce05b546c1272c1d9d11dc0eb6895 .av-special-heading-tag .heading-wrap:before{\nborder-color:rgba(255,255,255,0.01);\n}\nbody .av-special-heading.av-lf6or4ip-d2bce05b546c1272c1d9d11dc0eb6895 .av-special-heading-tag .heading-wrap:after{\nborder-color:rgba(255,255,255,0.01);\n}\n\n@media only screen and (min-width: 480px) and (max-width: 767px){ \n#top #wrap_all .av-special-heading.av-lf6or4ip-d2bce05b546c1272c1d9d11dc0eb6895 .av-special-heading-tag{\nfont-size:0.8em;\n}\n}\n\n@media only screen and (max-width: 479px){ \n#top #wrap_all .av-special-heading.av-lf6or4ip-d2bce05b546c1272c1d9d11dc0eb6895 .av-special-heading-tag{\nfont-size:0.8em;\n}\n}\n<\/style>\n<div  class='av-special-heading av-lf6or4ip-d2bce05b546c1272c1d9d11dc0eb6895 av-special-heading-h3 custom-color-heading blockquote elegant-quote elegant-centered  avia-builder-el-1  avia-builder-el-no-sibling  av-inherit-size'><h3 class='av-special-heading-tag'  itemprop=\"headline\"  ><span class=\"heading-wrap\">INTERNATIONALE BETREUUNG<\/span><\/h3><div class=\"special-heading-border\"><div class=\"special-heading-inner-border\"><\/div><\/div><\/div>\n<\/div><\/div><\/main><!-- close content main element --><\/div><\/div><div id='after_section_1'  class='main_color av_default_container_wrap container_wrap fullsize'  ><div class='container av-section-cont-open' ><div class='template-page content  av-content-full alpha units'><div class='post-entry post-entry-type-page post-entry-192'><div class='entry-content-wrapper clearfix'>\n\n<style type=\"text\/css\" data-created_by=\"avia_inline_auto\" id=\"style-css-av-9ncs0-01d5e4370839e8bceaa0195f9805f30f\">\n#top .hr.av-9ncs0-01d5e4370839e8bceaa0195f9805f30f{\nmargin-top:30px;\nmargin-bottom:80px;\n}\n.hr.av-9ncs0-01d5e4370839e8bceaa0195f9805f30f .hr-inner{\nwidth:60px;\nborder-color:#7f2629;\nmax-width:45%;\n}\n.hr.av-9ncs0-01d5e4370839e8bceaa0195f9805f30f .av-seperator-icon{\ncolor:#a79f88;\n}\n.hr.av-9ncs0-01d5e4370839e8bceaa0195f9805f30f .av-seperator-icon.avia-svg-icon svg:first-child{\nfill:#a79f88;\nstroke:#a79f88;\n}\n<\/style>\n<div  class='hr av-9ncs0-01d5e4370839e8bceaa0195f9805f30f hr-custom  avia-builder-el-2  el_after_av_section  el_before_av_two_third  avia-builder-el-first  hr-center hr-icon-yes'><span class='hr-inner inner-border-av-border-fat'><span class=\"hr-inner-style\"><\/span><\/span><span class='av-seperator-icon avia-iconfont avia-font-fontello' data-av_icon='\ue800' data-av_iconfont='fontello' ><\/span><span class='hr-inner inner-border-av-border-fat'><span class=\"hr-inner-style\"><\/span><\/span><\/div>\n<div  class='flex_column av-dx51k-c75415c86aaabfadd9f9a651ec4673b3 av_two_third  avia-builder-el-3  el_after_av_hr  el_before_av_one_third  first flex_column_div'     ><p>\n<style type=\"text\/css\" data-created_by=\"avia_inline_auto\" id=\"style-css-av-lfl8c586-c98fe4de54fb1f5dd8f10717c0f77d28\">\n#top .hr.hr-invisible.av-lfl8c586-c98fe4de54fb1f5dd8f10717c0f77d28{\nheight:30px;\n}\n<\/style>\n<div  class='hr av-lfl8c586-c98fe4de54fb1f5dd8f10717c0f77d28 hr-invisible  avia-builder-el-4  el_before_av_textblock  avia-builder-el-first'><span class='hr-inner'><span class=\"hr-inner-style\"><\/span><\/span><\/div><br \/>\n<section  class='av_textblock_section av-adre8-c6bf79c20780b3fcec012945b92361ec'   itemscope=\"itemscope\" itemtype=\"https:\/\/schema.org\/CreativeWork\" ><div class='avia_textblock'  itemprop=\"text\" ><h2 class=\"p1\" style=\"text-align: left;\"><span class=\"s1\"><b>So werden Ihre Auslandspl\u00e4ne zum Erfolg<\/b><\/span><\/h2>\n<div class=\"wpb_text_column wpb_content_element\" style=\"text-align: left;\">\n<div class=\"wpb_wrapper\"><\/div>\n<\/div>\n<div class=\"wpb_text_column wpb_content_element\" style=\"text-align: left;\">\n<div class=\"wpb_wrapper\">\n<p>Um im Zuge der Globalisierung wettbewerbsf\u00e4hig zu bleiben, denken immer mehr mittelst\u00e4ndische Unternehmen dar\u00fcber nach, sich auch international zu engagieren. Dazu bestehen verschiedene M\u00f6glichkeiten: Manche gr\u00fcnden im Ausland eine eigene Betriebsst\u00e4tte, andere eine Tochtergesellschaft. Mitunter schlie\u00dfen sich mittelst\u00e4ndische Unternehmen aber auch mit einem lokalen Partner zu einer Joint-Venture-Gesellschaft zusammen.<\/p>\n<p>Die Idee klingt einfach. Die Fallstricke lauern allerdings in der praktischen Umsetzung. Denn es bestehen nicht nur kulturelle und sprachliche Barrieren. Es gibt beispielsweise auch unterschiedliche Zeitzonen. Rechts- und Steuersysteme unterscheiden sich m\u00f6glicherweise erheblich.<\/p>\n<p><strong>Teure Fehler vermeiden<\/strong><\/p>\n<p>Es ist also eine gro\u00dfe Herausforderung, die Auslandsgesellschaften ad\u00e4quat in das operative Gesch\u00e4ft einzubinden. Dazu bedarf es schriftlicher Vereinbarungen zwischen den Gesellschaften \u00fcber Prozessabl\u00e4ufe und Warentransaktionen. Diese unterliegen den Vorgaben zweier Steuersysteme. Abzuw\u00e4gen ist in diesem Zusammenhang auch, ob die Verlagerung der Gesch\u00e4fte ins Ausland negative steuerliche Folgen f\u00fcr das heimatliche Unternehmen haben kann.<\/p>\n<p>Wir helfen Ihnen dabei, Ihre strategischen \u00dcberlegungen in die Tat umzusetzen. Das gilt nicht nur f\u00fcr das Konzept, sondern auch f\u00fcr die Umsetzung. Wir begleiten Sie bei Bedarf ins Ausland und helfen Ihnen, teure Fehler in diesem Bereich zu vermeiden.<\/p>\n<p>Wenn Sie weitergehende Informationen zu dieser Thematik haben m\u00f6chten, k\u00f6nnen Sie gerne mit uns Kontakt aufnehmen. Ihr freundlicher Ansprechpartner ist <a href=\"mailto: heribert.Warken@actgroup.de\">Heribert Warken<\/a>.<\/p>\n<\/div>\n<\/div>\n<p class=\"p1\" style=\"text-align: left;\">\n<\/div><\/section><\/p><\/div>\n<style type=\"text\/css\" data-created_by=\"avia_inline_auto\" id=\"style-css-av-lfl8jqze-8319c2c2fec8a50701111ca5e5051341\">\n.flex_column.av-lfl8jqze-8319c2c2fec8a50701111ca5e5051341{\npadding:30px 30px 30px 30px;\nbackground-color:#a79f88;\n}\n<\/style>\n<div  class='flex_column av-lfl8jqze-8319c2c2fec8a50701111ca5e5051341 av_one_third  avia-builder-el-6  el_after_av_two_third  avia-builder-el-last  flex_column_div'     ><form action=\"https:\/\/actaudit.de\/en\/internationale-betreuung\/\" method=\"post\" data-fields-with-error=\"Found errors in the following field(s):\" class=\"avia_ajax_form av-form-labels-visible   avia-builder-el-7  avia-builder-el-no-sibling\" data-avia-form-id=\"1\" data-avia-redirect='' data-trp-original-action=\"https:\/\/actaudit.de\/en\/internationale-betreuung\" ><h2 class=''>Erfahren Sie mehr \u00fcber das Thema!<\/h2><fieldset><p class='first_form  form_element form_fullwidth' id='element_avia_1_1'><label for=\"avia_1_1\">Name <abbr class=\"required\" title=\"required\">*<\/abbr><\/label> <input name=\"avia_1_1\" class=\"text_input is_empty\" type=\"text\" id=\"avia_1_1\" value=\"\" \/><\/p><p class='first_form  form_element form_fullwidth' id='element_avia_2_1'><label for=\"avia_2_1\">E-Mail <abbr class=\"required\" title=\"required\">*<\/abbr><\/label> <input name=\"avia_2_1\" class=\"text_input is_email\" type=\"text\" id=\"avia_2_1\" value=\"\" \/><\/p><p class='first_form  form_element form_fullwidth' id='element_avia_3_1'><label for=\"avia_3_1\">Betreff <abbr class=\"required\" title=\"required\">*<\/abbr><\/label> <input name=\"avia_3_1\" class=\"text_input is_empty\" type=\"text\" id=\"avia_3_1\" value=\"\" \/><\/p><p class='first_form  form_element form_fullwidth' id='element_avia_4_1'><label for=\"avia_4_1\" class=\"textare_label hidden textare_label_avia_4_1\">Nachricht <abbr class=\"required\" title=\"required\">*<\/abbr><\/label><textarea  name=\"avia_4_1\" class=\"text_area is_empty\" cols=\"40\" rows=\"7\" id=\"avia_4_1\" ><\/textarea><\/p><p class=\"hidden\"><input type=\"text\" name=\"avia_5_1\" class=\"hidden\" id=\"avia_5_1\" value=\"\" \/><\/p><p class='form_element form_fullwidth' id='element_avia_6_1'><span class='value_verifier_label'>0 + 7 = ?<\/span><input name=\"avia_6_1_verifier\" type=\"hidden\" id=\"avia_6_1_verifier\" value=\"543743786\"\/><label for=\"avia_6_1\">Please prove that you are human by solving the equation <abbr class=\"required\" title=\"required\">*<\/abbr><\/label><input name=\"avia_6_1\" class=\"text_input captcha\" type=\"text\" id=\"avia_6_1\" value=\"\"\/><\/p><p class=\"form_element\"><input type=\"hidden\" value=\"1\" name=\"avia_generated_form1\" \/><input type=\"submit\" value=\"SENDEN\" class=\"button\"  data-sending-label=\"Sending\"\/><\/p><\/fieldset><input type=\"hidden\" name=\"trp-form-language\" value=\"en\"\/><\/form><div id=\"ajaxresponse_1\" class=\"ajaxresponse ajaxresponse_1 hidden\"><\/div><\/div><\/p>","protected":false},"excerpt":{"rendered":"","protected":false},"author":2,"featured_media":0,"parent":0,"menu_order":0,"comment_status":"closed","ping_status":"closed","template":"","meta":{"footnotes":""},"class_list":["post-192","page","type-page","status-publish","hentry"],"yoast_head":"<!-- This site is optimized with the Yoast SEO plugin v27.5 - https:\/\/yoast.com\/product\/yoast-seo-wordpress\/ -->\n<title>Internationale Betreuung - ACT Audit<\/title>\n<meta name=\"robots\" content=\"index, follow, max-snippet:-1, max-image-preview:large, max-video-preview:-1\" \/>\n<link rel=\"canonical\" href=\"https:\/\/actaudit.de\/en\/internationale-betreuung\/\" \/>\n<meta property=\"og:locale\" content=\"en_US\" \/>\n<meta property=\"og:type\" content=\"article\" \/>\n<meta property=\"og:title\" content=\"Internationale Betreuung - ACT Audit\" \/>\n<meta property=\"og:url\" content=\"https:\/\/actaudit.de\/en\/internationale-betreuung\/\" \/>\n<meta property=\"og:site_name\" content=\"ACT Audit\" \/>\n<meta property=\"article:modified_time\" content=\"2023-07-12T13:24:59+00:00\" \/>\n<meta name=\"twitter:card\" content=\"summary_large_image\" \/>\n<meta name=\"twitter:label1\" content=\"Est. reading time\" \/>\n\t<meta name=\"twitter:data1\" content=\"4 minutes\" \/>\n<script type=\"application\/ld+json\" class=\"yoast-schema-graph\">{\"@context\":\"https:\\\/\\\/schema.org\",\"@graph\":[{\"@type\":\"WebPage\",\"@id\":\"https:\\\/\\\/actaudit.de\\\/internationale-betreuung\",\"url\":\"https:\\\/\\\/actaudit.de\\\/internationale-betreuung\",\"name\":\"Internationale Betreuung - ACT Audit\",\"isPartOf\":{\"@id\":\"https:\\\/\\\/actaudit.de\\\/#website\"},\"datePublished\":\"2023-03-07T11:57:40+00:00\",\"dateModified\":\"2023-07-12T13:24:59+00:00\",\"breadcrumb\":{\"@id\":\"https:\\\/\\\/actaudit.de\\\/internationale-betreuung#breadcrumb\"},\"inLanguage\":\"en-US\",\"potentialAction\":[{\"@type\":\"ReadAction\",\"target\":[\"https:\\\/\\\/actaudit.de\\\/internationale-betreuung\"]}]},{\"@type\":\"BreadcrumbList\",\"@id\":\"https:\\\/\\\/actaudit.de\\\/internationale-betreuung#breadcrumb\",\"itemListElement\":[{\"@type\":\"ListItem\",\"position\":1,\"name\":\"Startseite\",\"item\":\"https:\\\/\\\/actaudit.de\\\/home\"},{\"@type\":\"ListItem\",\"position\":2,\"name\":\"Internationale Betreuung\"}]},{\"@type\":\"WebSite\",\"@id\":\"https:\\\/\\\/actaudit.de\\\/#website\",\"url\":\"https:\\\/\\\/actaudit.de\\\/\",\"name\":\"ACT Audit\",\"description\":\"Wirtschaftspr\u00fcfungsgesellschaft\",\"potentialAction\":[{\"@type\":\"SearchAction\",\"target\":{\"@type\":\"EntryPoint\",\"urlTemplate\":\"https:\\\/\\\/actaudit.de\\\/?s={search_term_string}\"},\"query-input\":{\"@type\":\"PropertyValueSpecification\",\"valueRequired\":true,\"valueName\":\"search_term_string\"}}],\"inLanguage\":\"en-US\"}]}<\/script>\n<!-- \/ Yoast SEO plugin. -->","yoast_head_json":{"title":"Internationale Betreuung - ACT Audit","robots":{"index":"index","follow":"follow","max-snippet":"max-snippet:-1","max-image-preview":"max-image-preview:large","max-video-preview":"max-video-preview:-1"},"canonical":"https:\/\/actaudit.de\/en\/internationale-betreuung\/","og_locale":"en_US","og_type":"article","og_title":"Internationale Betreuung - ACT Audit","og_url":"https:\/\/actaudit.de\/en\/internationale-betreuung\/","og_site_name":"ACT Audit","article_modified_time":"2023-07-12T13:24:59+00:00","twitter_card":"summary_large_image","twitter_misc":{"Est. reading time":"4 minutes"},"schema":{"@context":"https:\/\/schema.org","@graph":[{"@type":"WebPage","@id":"https:\/\/actaudit.de\/internationale-betreuung","url":"https:\/\/actaudit.de\/internationale-betreuung","name":"Internationale Betreuung - ACT Audit","isPartOf":{"@id":"https:\/\/actaudit.de\/#website"},"datePublished":"2023-03-07T11:57:40+00:00","dateModified":"2023-07-12T13:24:59+00:00","breadcrumb":{"@id":"https:\/\/actaudit.de\/internationale-betreuung#breadcrumb"},"inLanguage":"en-US","potentialAction":[{"@type":"ReadAction","target":["https:\/\/actaudit.de\/internationale-betreuung"]}]},{"@type":"BreadcrumbList","@id":"https:\/\/actaudit.de\/internationale-betreuung#breadcrumb","itemListElement":[{"@type":"ListItem","position":1,"name":"Startseite","item":"https:\/\/actaudit.de\/home"},{"@type":"ListItem","position":2,"name":"Internationale Betreuung"}]},{"@type":"WebSite","@id":"https:\/\/actaudit.de\/#website","url":"https:\/\/actaudit.de\/","name":"ACT Audit","description":"Wirtschaftspr\u00fcfungsgesellschaft","potentialAction":[{"@type":"SearchAction","target":{"@type":"EntryPoint","urlTemplate":"https:\/\/actaudit.de\/?s={search_term_string}"},"query-input":{"@type":"PropertyValueSpecification","valueRequired":true,"valueName":"search_term_string"}}],"inLanguage":"en-US"}]}},"_links":{"self":[{"href":"https:\/\/actaudit.de\/en\/wp-json\/wp\/v2\/pages\/192","targetHints":{"allow":["GET"]}}],"collection":[{"href":"https:\/\/actaudit.de\/en\/wp-json\/wp\/v2\/pages"}],"about":[{"href":"https:\/\/actaudit.de\/en\/wp-json\/wp\/v2\/types\/page"}],"author":[{"embeddable":true,"href":"https:\/\/actaudit.de\/en\/wp-json\/wp\/v2\/users\/2"}],"replies":[{"embeddable":true,"href":"https:\/\/actaudit.de\/en\/wp-json\/wp\/v2\/comments?post=192"}],"version-history":[{"count":19,"href":"https:\/\/actaudit.de\/en\/wp-json\/wp\/v2\/pages\/192\/revisions"}],"predecessor-version":[{"id":1130,"href":"https:\/\/actaudit.de\/en\/wp-json\/wp\/v2\/pages\/192\/revisions\/1130"}],"wp:attachment":[{"href":"https:\/\/actaudit.de\/en\/wp-json\/wp\/v2\/media?parent=192"}],"curies":[{"name":"wp","href":"https:\/\/api.w.org\/{rel}","templated":true}]}}