{"id":202,"date":"2023-03-07T12:08:32","date_gmt":"2023-03-07T12:08:32","guid":{"rendered":"https:\/\/neu.actaudit.de\/?page_id=202"},"modified":"2023-07-12T13:25:53","modified_gmt":"2023-07-12T13:25:53","slug":"erbschaft-schenkung-fachmediation","status":"publish","type":"page","link":"https:\/\/actaudit.de\/en\/erbschaft-schenkung-fachmediation","title":{"rendered":"Erbschaft, Schenkung, Fachmediation"},"content":{"rendered":"<style type=\"text\/css\" data-created_by=\"avia_inline_auto\" id=\"style-css-av-lf6obocr-46e295518a8f9aca7433f091bf8c6f00\">\n.avia-section.av-lf6obocr-46e295518a8f9aca7433f091bf8c6f00{\nbackground-repeat:no-repeat;\nbackground-image:url(https:\/\/actaudit.de\/wp-content\/uploads\/2023\/04\/Slider_Erbschaft-Schenkung-Fachmediation_0012_UN_110423.jpg);\nbackground-position:50% 50%;\nbackground-attachment:scroll;\n}\n<\/style>\n<div id='av_section_1'  class='avia-section av-lf6obocr-46e295518a8f9aca7433f091bf8c6f00 main_color avia-section-default avia-no-border-styling  avia-builder-el-0  el_before_av_hr  avia-builder-el-first  avia-full-stretch avia-bg-style-scroll av-minimum-height av-minimum-height-20 av-height-percent  container_wrap fullsize'  data-section-bg-repeat='stretch' data-av_minimum_height_pc='20' data-av_min_height_opt='percent'><div class='container av-section-cont-open' ><main  role=\"main\" itemprop=\"mainContentOfPage\"  class='template-page content  av-content-full alpha units'><div class='post-entry post-entry-type-page post-entry-202'><div class='entry-content-wrapper clearfix'>\n\n<style type=\"text\/css\" data-created_by=\"avia_inline_auto\" id=\"style-css-av-lf6oar0t-b0f1b86757376157ef4bada37c6a3dcb\">\n#top .av-special-heading.av-lf6oar0t-b0f1b86757376157ef4bada37c6a3dcb{\npadding-bottom:10px;\ncolor:#ffffff;\nfont-size:40px;\n}\nbody .av-special-heading.av-lf6oar0t-b0f1b86757376157ef4bada37c6a3dcb .av-special-heading-tag .heading-char{\nfont-size:25px;\n}\n#top #wrap_all .av-special-heading.av-lf6oar0t-b0f1b86757376157ef4bada37c6a3dcb .av-special-heading-tag{\nfont-size:40px;\n}\n.av-special-heading.av-lf6oar0t-b0f1b86757376157ef4bada37c6a3dcb .special-heading-inner-border{\nborder-color:rgba(255,255,255,0.01);\n}\n.av-special-heading.av-lf6oar0t-b0f1b86757376157ef4bada37c6a3dcb .av-subheading{\nfont-size:15px;\n}\nbody .av-special-heading.av-lf6oar0t-b0f1b86757376157ef4bada37c6a3dcb .av-special-heading-tag .heading-wrap:before{\nborder-color:rgba(255,255,255,0.01);\n}\nbody .av-special-heading.av-lf6oar0t-b0f1b86757376157ef4bada37c6a3dcb .av-special-heading-tag .heading-wrap:after{\nborder-color:rgba(255,255,255,0.01);\n}\n\n@media only screen and (min-width: 480px) and (max-width: 767px){ \n#top #wrap_all .av-special-heading.av-lf6oar0t-b0f1b86757376157ef4bada37c6a3dcb .av-special-heading-tag{\nfont-size:0.8em;\n}\n}\n\n@media only screen and (max-width: 479px){ \n#top #wrap_all .av-special-heading.av-lf6oar0t-b0f1b86757376157ef4bada37c6a3dcb .av-special-heading-tag{\nfont-size:0.8em;\n}\n}\n<\/style>\n<div  class='av-special-heading av-lf6oar0t-b0f1b86757376157ef4bada37c6a3dcb av-special-heading-h3 custom-color-heading blockquote elegant-quote elegant-centered  avia-builder-el-1  avia-builder-el-no-sibling  av-inherit-size'><h3 class='av-special-heading-tag'  itemprop=\"headline\"  ><span class=\"heading-wrap\">ERBSCHAFT, SCHENKUNG, FACHMEDIATION<\/span><\/h3><div class=\"special-heading-border\"><div class=\"special-heading-inner-border\"><\/div><\/div><\/div>\n<\/div><\/div><\/main><!-- close content main element --><\/div><\/div><div id='after_section_1'  class='main_color av_default_container_wrap container_wrap fullsize'  ><div class='container av-section-cont-open' ><div class='template-page content  av-content-full alpha units'><div class='post-entry post-entry-type-page post-entry-202'><div class='entry-content-wrapper clearfix'>\n\n<style type=\"text\/css\" data-created_by=\"avia_inline_auto\" id=\"style-css-av-8ibxm-a3630bf7967099e1d8902ae9d0568a17\">\n#top .hr.av-8ibxm-a3630bf7967099e1d8902ae9d0568a17{\nmargin-top:30px;\nmargin-bottom:80px;\n}\n.hr.av-8ibxm-a3630bf7967099e1d8902ae9d0568a17 .hr-inner{\nwidth:60px;\nborder-color:#7f2629;\nmax-width:45%;\n}\n.hr.av-8ibxm-a3630bf7967099e1d8902ae9d0568a17 .av-seperator-icon{\ncolor:#a79f88;\n}\n.hr.av-8ibxm-a3630bf7967099e1d8902ae9d0568a17 .av-seperator-icon.avia-svg-icon svg:first-child{\nfill:#a79f88;\nstroke:#a79f88;\n}\n<\/style>\n<div  class='hr av-8ibxm-a3630bf7967099e1d8902ae9d0568a17 hr-custom  avia-builder-el-2  el_after_av_section  el_before_av_two_third  avia-builder-el-first  hr-center hr-icon-yes'><span class='hr-inner inner-border-av-border-fat'><span class=\"hr-inner-style\"><\/span><\/span><span class='av-seperator-icon avia-iconfont avia-font-fontello' data-av_icon='\ue800' data-av_iconfont='fontello' ><\/span><span class='hr-inner inner-border-av-border-fat'><span class=\"hr-inner-style\"><\/span><\/span><\/div>\n<div  class='flex_column av-wpmi-119aebd78ba9c17a5d25d03ac95449d5 av_two_third  avia-builder-el-3  el_after_av_hr  el_before_av_one_third  first flex_column_div'     ><p>\n<style type=\"text\/css\" data-created_by=\"avia_inline_auto\" id=\"style-css-av-lfl9ck7b-4251edf6636c231785e961f0065512ab\">\n#top .hr.hr-invisible.av-lfl9ck7b-4251edf6636c231785e961f0065512ab{\nheight:30px;\n}\n<\/style>\n<div  class='hr av-lfl9ck7b-4251edf6636c231785e961f0065512ab hr-invisible  avia-builder-el-4  el_before_av_textblock  avia-builder-el-first'><span class='hr-inner'><span class=\"hr-inner-style\"><\/span><\/span><\/div><br \/>\n<section  class='av_textblock_section av-lf2pol00-7d634c3948dc8821a7164c1b80817722'   itemscope=\"itemscope\" itemtype=\"https:\/\/schema.org\/CreativeWork\" ><div class='avia_textblock'  itemprop=\"text\" ><h2 class=\"p1\" style=\"text-align: left;\"><span class=\"s1\"><b>Verm\u00f6gen ohne Verluste \u00fcbertragen<\/b><\/span><\/h2>\n<p>Das von einem Unternehmer oder einer Unternehmerin hart erarbeitete Verm\u00f6gen geht irgendwann auf die n\u00e4chste Generation \u00fcber: Wird es vor dem Tod \u00fcbertragen, handelt es sich um eine Schenkung. Nach dem Tod f\u00e4llt eine Erbschaft an. In beiden F\u00e4llen sind daf\u00fcr die Regeln ma\u00dfgeblich, die sich im Erbschaftsteuergesetz finden.<\/p>\n<p>Um das Verm\u00f6gen m\u00f6glichst ohne steuerliche Verluste auf die n\u00e4chste(n) Generation(en) zu \u00fcbertragen, bedarf es erheblicher Expertise. Denn die \u00dcbertragung ist im Laufe der Jahre immer komplexer geworden: Sie setzt umfangreiche rechtliche, wirtschaftliche und steuerliche Kenntnisse solcher Prozesse voraus. Die laufende, sich oft \u00e4ndernde steuerliche Rechtsprechung macht es schwierig, dabei den \u00dcberblick zu behalten. Zudem sind Verm\u00f6gen immer globaler gestreut. Schon eine kleine Nachl\u00e4ssigkeit kann erhebliche Verluste nach sich ziehen.<\/p>\n<p><strong>Konflikte konstruktiv l\u00f6sen<\/strong><\/p>\n<p>Dieses Problem stellt sich nicht nur von der fachlichen Seite. Gerade bei Erbschaften ist es sehr h\u00e4ufig angeraten, emotionale Themen zu versachlichen, um eine gute L\u00f6sung herbeizuf\u00fchren. Dazu bietet es sich an, einen Fachmediator oder Fachmediatorin hinzuzuziehen. Diese Fachleute bewegen sich in einem gutachterlichen und vermittelnden Korridor. Diese Aufgabe erfordert langj\u00e4hrige Praxiserfahrung und branchenspezifische Kenntnisse. Fachmediatoren und Fachmediatorinnen kennen Besonderheiten solcher Verfahren und sind in der Lage, Konflikte ergebnisorientiert und konstruktiv zu l\u00f6sen &#8211; und zwar im Sinne aller Beteiligten.<\/p>\n<p>Die erbrechtliche Beratung ist in den vergangenen Jahren zu einem Schwerpunkt unserer T\u00e4tigkeit geworden.<\/p>\n<p><strong>Besondere Regularien im Ausland<\/strong><\/p>\n<p>Besonders wichtig ist eine erbrechtliche Beratung dann, wenn es Sie ins Ausland ziehen sollte \u2013 sowohl gesch\u00e4ftlich als auch privat. Denn hieraus ergeben sich stets eine Vielzahl von sehr komplexen erbrechtlichen und steuerlichen Fragestellungen. Diese bed\u00fcrfen nicht nur einer rechtlichen, sondern auch einer kompetenten steuerlichen 360-Grad-Beratung, denn Fehler k\u00f6nnen gerade hier sehr schnell sehr teuer werden. Gerade bei vorhandenen Auslandsverm\u00f6gen sind zahlreiche Besonderheiten zu ber\u00fccksichtigen. Denn mit wenigen Ausnahmen gibt es keine Doppelbesteuerungsabkommen im Erbrecht.<\/p>\n<p>Wenn Sie weitergehende Informationen zu dieser Thematik haben m\u00f6chten, k\u00f6nnen Sie gerne mit uns Kontakt aufnehmen. Ihr freundlicher Ansprechpartner ist <a href=\"mailto: heribert.Warken@actgroup.de\">Heribert Warken<\/a>.<\/p>\n<p class=\"p1\" style=\"text-align: center;\">\n<\/div><\/section><\/p><\/div>\n<style type=\"text\/css\" data-created_by=\"avia_inline_auto\" id=\"style-css-av-123n0i-2cb8b024f3a49aa9b31265dfc8c15fef\">\n.flex_column.av-123n0i-2cb8b024f3a49aa9b31265dfc8c15fef{\npadding:30px 30px 30px 30px;\nbackground-color:#a79f88;\n}\n<\/style>\n<div  class='flex_column av-123n0i-2cb8b024f3a49aa9b31265dfc8c15fef av_one_third  avia-builder-el-6  el_after_av_two_third  avia-builder-el-last  flex_column_div'     ><form action=\"https:\/\/actaudit.de\/en\/erbschaft-schenkung-fachmediation\/\" method=\"post\" data-fields-with-error=\"Found errors in the following field(s):\" class=\"avia_ajax_form av-form-labels-visible   avia-builder-el-7  avia-builder-el-no-sibling\" data-avia-form-id=\"1\" data-avia-redirect='' data-trp-original-action=\"https:\/\/actaudit.de\/en\/erbschaft-schenkung-fachmediation\" ><h2 class=''>Erfahren Sie mehr \u00fcber das Thema!<\/h2><fieldset><p class='first_form  form_element form_fullwidth' id='element_avia_1_1'><label for=\"avia_1_1\">Name <abbr class=\"required\" title=\"required\">*<\/abbr><\/label> <input name=\"avia_1_1\" class=\"text_input is_empty\" type=\"text\" id=\"avia_1_1\" value=\"\" \/><\/p><p class='first_form  form_element form_fullwidth' id='element_avia_2_1'><label for=\"avia_2_1\">E-Mail <abbr class=\"required\" title=\"required\">*<\/abbr><\/label> <input name=\"avia_2_1\" class=\"text_input is_email\" type=\"text\" id=\"avia_2_1\" value=\"\" \/><\/p><p class='first_form  form_element form_fullwidth' id='element_avia_3_1'><label for=\"avia_3_1\">Betreff <abbr class=\"required\" title=\"required\">*<\/abbr><\/label> <input name=\"avia_3_1\" class=\"text_input is_empty\" type=\"text\" id=\"avia_3_1\" value=\"\" \/><\/p><p class='first_form  form_element form_fullwidth' id='element_avia_4_1'><label for=\"avia_4_1\" class=\"textare_label hidden textare_label_avia_4_1\">Nachricht <abbr class=\"required\" title=\"required\">*<\/abbr><\/label><textarea  name=\"avia_4_1\" class=\"text_area is_empty\" cols=\"40\" rows=\"7\" id=\"avia_4_1\" ><\/textarea><\/p><p class=\"hidden\"><input type=\"text\" name=\"avia_5_1\" class=\"hidden\" id=\"avia_5_1\" value=\"\" \/><\/p><p class='form_element form_fullwidth' id='element_avia_6_1'><span class='value_verifier_label'>2 + 2 = ?<\/span><input name=\"avia_6_1_verifier\" type=\"hidden\" id=\"avia_6_1_verifier\" value=\"871545874\"\/><label for=\"avia_6_1\">Please prove that you are human by solving the equation <abbr class=\"required\" title=\"required\">*<\/abbr><\/label><input name=\"avia_6_1\" class=\"text_input captcha\" type=\"text\" id=\"avia_6_1\" value=\"\"\/><\/p><p class=\"form_element\"><input type=\"hidden\" value=\"1\" name=\"avia_generated_form1\" \/><input type=\"submit\" value=\"SENDEN\" class=\"button\"  data-sending-label=\"Sending\"\/><\/p><\/fieldset><input type=\"hidden\" name=\"trp-form-language\" value=\"en\"\/><\/form><div id=\"ajaxresponse_1\" class=\"ajaxresponse ajaxresponse_1 hidden\"><\/div><\/div><\/p>","protected":false},"excerpt":{"rendered":"","protected":false},"author":2,"featured_media":0,"parent":0,"menu_order":0,"comment_status":"closed","ping_status":"closed","template":"","meta":{"footnotes":""},"class_list":["post-202","page","type-page","status-publish","hentry"],"yoast_head":"<!-- This site is optimized with the Yoast SEO plugin v27.5 - https:\/\/yoast.com\/product\/yoast-seo-wordpress\/ -->\n<title>Erbschaft, Schenkung, Fachmediation - ACT Audit<\/title>\n<meta name=\"robots\" content=\"index, follow, max-snippet:-1, max-image-preview:large, max-video-preview:-1\" \/>\n<link rel=\"canonical\" href=\"https:\/\/actaudit.de\/en\/erbschaft-schenkung-fachmediation\/\" \/>\n<meta property=\"og:locale\" content=\"en_US\" \/>\n<meta property=\"og:type\" content=\"article\" \/>\n<meta property=\"og:title\" content=\"Erbschaft, Schenkung, Fachmediation - ACT Audit\" \/>\n<meta property=\"og:url\" content=\"https:\/\/actaudit.de\/en\/erbschaft-schenkung-fachmediation\/\" \/>\n<meta property=\"og:site_name\" content=\"ACT Audit\" \/>\n<meta property=\"article:modified_time\" content=\"2023-07-12T13:25:53+00:00\" \/>\n<meta name=\"twitter:card\" content=\"summary_large_image\" \/>\n<meta name=\"twitter:label1\" content=\"Est. reading time\" \/>\n\t<meta name=\"twitter:data1\" content=\"5 minutes\" \/>\n<script type=\"application\/ld+json\" class=\"yoast-schema-graph\">{\"@context\":\"https:\\\/\\\/schema.org\",\"@graph\":[{\"@type\":\"WebPage\",\"@id\":\"https:\\\/\\\/actaudit.de\\\/erbschaft-schenkung-fachmediation\",\"url\":\"https:\\\/\\\/actaudit.de\\\/erbschaft-schenkung-fachmediation\",\"name\":\"Erbschaft, Schenkung, Fachmediation - ACT Audit\",\"isPartOf\":{\"@id\":\"https:\\\/\\\/actaudit.de\\\/#website\"},\"datePublished\":\"2023-03-07T12:08:32+00:00\",\"dateModified\":\"2023-07-12T13:25:53+00:00\",\"breadcrumb\":{\"@id\":\"https:\\\/\\\/actaudit.de\\\/erbschaft-schenkung-fachmediation#breadcrumb\"},\"inLanguage\":\"en-US\",\"potentialAction\":[{\"@type\":\"ReadAction\",\"target\":[\"https:\\\/\\\/actaudit.de\\\/erbschaft-schenkung-fachmediation\"]}]},{\"@type\":\"BreadcrumbList\",\"@id\":\"https:\\\/\\\/actaudit.de\\\/erbschaft-schenkung-fachmediation#breadcrumb\",\"itemListElement\":[{\"@type\":\"ListItem\",\"position\":1,\"name\":\"Startseite\",\"item\":\"https:\\\/\\\/actaudit.de\\\/home\"},{\"@type\":\"ListItem\",\"position\":2,\"name\":\"Erbschaft, Schenkung, Fachmediation\"}]},{\"@type\":\"WebSite\",\"@id\":\"https:\\\/\\\/actaudit.de\\\/#website\",\"url\":\"https:\\\/\\\/actaudit.de\\\/\",\"name\":\"ACT Audit\",\"description\":\"Wirtschaftspr\u00fcfungsgesellschaft\",\"potentialAction\":[{\"@type\":\"SearchAction\",\"target\":{\"@type\":\"EntryPoint\",\"urlTemplate\":\"https:\\\/\\\/actaudit.de\\\/?s={search_term_string}\"},\"query-input\":{\"@type\":\"PropertyValueSpecification\",\"valueRequired\":true,\"valueName\":\"search_term_string\"}}],\"inLanguage\":\"en-US\"}]}<\/script>\n<!-- \/ Yoast SEO plugin. -->","yoast_head_json":{"title":"Erbschaft, Schenkung, Fachmediation - ACT Audit","robots":{"index":"index","follow":"follow","max-snippet":"max-snippet:-1","max-image-preview":"max-image-preview:large","max-video-preview":"max-video-preview:-1"},"canonical":"https:\/\/actaudit.de\/en\/erbschaft-schenkung-fachmediation\/","og_locale":"en_US","og_type":"article","og_title":"Erbschaft, Schenkung, Fachmediation - ACT Audit","og_url":"https:\/\/actaudit.de\/en\/erbschaft-schenkung-fachmediation\/","og_site_name":"ACT Audit","article_modified_time":"2023-07-12T13:25:53+00:00","twitter_card":"summary_large_image","twitter_misc":{"Est. reading time":"5 minutes"},"schema":{"@context":"https:\/\/schema.org","@graph":[{"@type":"WebPage","@id":"https:\/\/actaudit.de\/erbschaft-schenkung-fachmediation","url":"https:\/\/actaudit.de\/erbschaft-schenkung-fachmediation","name":"Erbschaft, Schenkung, Fachmediation - ACT Audit","isPartOf":{"@id":"https:\/\/actaudit.de\/#website"},"datePublished":"2023-03-07T12:08:32+00:00","dateModified":"2023-07-12T13:25:53+00:00","breadcrumb":{"@id":"https:\/\/actaudit.de\/erbschaft-schenkung-fachmediation#breadcrumb"},"inLanguage":"en-US","potentialAction":[{"@type":"ReadAction","target":["https:\/\/actaudit.de\/erbschaft-schenkung-fachmediation"]}]},{"@type":"BreadcrumbList","@id":"https:\/\/actaudit.de\/erbschaft-schenkung-fachmediation#breadcrumb","itemListElement":[{"@type":"ListItem","position":1,"name":"Startseite","item":"https:\/\/actaudit.de\/home"},{"@type":"ListItem","position":2,"name":"Erbschaft, Schenkung, Fachmediation"}]},{"@type":"WebSite","@id":"https:\/\/actaudit.de\/#website","url":"https:\/\/actaudit.de\/","name":"ACT Audit","description":"Wirtschaftspr\u00fcfungsgesellschaft","potentialAction":[{"@type":"SearchAction","target":{"@type":"EntryPoint","urlTemplate":"https:\/\/actaudit.de\/?s={search_term_string}"},"query-input":{"@type":"PropertyValueSpecification","valueRequired":true,"valueName":"search_term_string"}}],"inLanguage":"en-US"}]}},"_links":{"self":[{"href":"https:\/\/actaudit.de\/en\/wp-json\/wp\/v2\/pages\/202","targetHints":{"allow":["GET"]}}],"collection":[{"href":"https:\/\/actaudit.de\/en\/wp-json\/wp\/v2\/pages"}],"about":[{"href":"https:\/\/actaudit.de\/en\/wp-json\/wp\/v2\/types\/page"}],"author":[{"embeddable":true,"href":"https:\/\/actaudit.de\/en\/wp-json\/wp\/v2\/users\/2"}],"replies":[{"embeddable":true,"href":"https:\/\/actaudit.de\/en\/wp-json\/wp\/v2\/comments?post=202"}],"version-history":[{"count":18,"href":"https:\/\/actaudit.de\/en\/wp-json\/wp\/v2\/pages\/202\/revisions"}],"predecessor-version":[{"id":1132,"href":"https:\/\/actaudit.de\/en\/wp-json\/wp\/v2\/pages\/202\/revisions\/1132"}],"wp:attachment":[{"href":"https:\/\/actaudit.de\/en\/wp-json\/wp\/v2\/media?parent=202"}],"curies":[{"name":"wp","href":"https:\/\/api.w.org\/{rel}","templated":true}]}}