{"id":204,"date":"2023-03-07T12:09:18","date_gmt":"2023-03-07T12:09:18","guid":{"rendered":"https:\/\/neu.actaudit.de\/?page_id=204"},"modified":"2023-07-11T14:11:38","modified_gmt":"2023-07-11T14:11:38","slug":"wirtschaftspruefung","status":"publish","type":"page","link":"https:\/\/actaudit.de\/en\/wirtschaftspruefung","title":{"rendered":"Wirtschaftspr\u00fcfung"},"content":{"rendered":"<style type=\"text\/css\" data-created_by=\"avia_inline_auto\" id=\"style-css-av-lf6o90wv-1f347b5725b629418fa1466c685ea9e7\">\n.avia-section.av-lf6o90wv-1f347b5725b629418fa1466c685ea9e7{\nbackground-repeat:no-repeat;\nbackground-image:url(https:\/\/actaudit.de\/wp-content\/uploads\/2023\/04\/Slider_Wirtschaftspruefung_0012_UN_110423.jpg);\nbackground-position:50% 50%;\nbackground-attachment:scroll;\n}\n<\/style>\n<div id='av_section_1'  class='avia-section av-lf6o90wv-1f347b5725b629418fa1466c685ea9e7 main_color avia-section-default avia-no-border-styling  avia-builder-el-0  el_before_av_hr  avia-builder-el-first  avia-full-stretch avia-bg-style-scroll av-minimum-height av-minimum-height-20 av-height-percent  container_wrap fullsize'  data-section-bg-repeat='stretch' data-av_minimum_height_pc='20' data-av_min_height_opt='percent'><div class='container av-section-cont-open' ><main  role=\"main\" itemprop=\"mainContentOfPage\"  class='template-page content  av-content-full alpha units'><div class='post-entry post-entry-type-page post-entry-204'><div class='entry-content-wrapper clearfix'>\n\n<style type=\"text\/css\" data-created_by=\"avia_inline_auto\" id=\"style-css-av-lf6o8lwk-35488aa0367f52d6b36d2b173e892715\">\n#top .av-special-heading.av-lf6o8lwk-35488aa0367f52d6b36d2b173e892715{\npadding-bottom:10px;\ncolor:#ffffff;\nfont-size:40px;\n}\nbody .av-special-heading.av-lf6o8lwk-35488aa0367f52d6b36d2b173e892715 .av-special-heading-tag .heading-char{\nfont-size:25px;\n}\n#top #wrap_all .av-special-heading.av-lf6o8lwk-35488aa0367f52d6b36d2b173e892715 .av-special-heading-tag{\nfont-size:40px;\n}\n.av-special-heading.av-lf6o8lwk-35488aa0367f52d6b36d2b173e892715 .special-heading-inner-border{\nborder-color:rgba(255,255,255,0.01);\n}\n.av-special-heading.av-lf6o8lwk-35488aa0367f52d6b36d2b173e892715 .av-subheading{\nfont-size:15px;\n}\nbody .av-special-heading.av-lf6o8lwk-35488aa0367f52d6b36d2b173e892715 .av-special-heading-tag .heading-wrap:before{\nborder-color:rgba(255,255,255,0.01);\n}\nbody .av-special-heading.av-lf6o8lwk-35488aa0367f52d6b36d2b173e892715 .av-special-heading-tag .heading-wrap:after{\nborder-color:rgba(255,255,255,0.01);\n}\n\n@media only screen and (min-width: 480px) and (max-width: 767px){ \n#top #wrap_all .av-special-heading.av-lf6o8lwk-35488aa0367f52d6b36d2b173e892715 .av-special-heading-tag{\nfont-size:0.8em;\n}\n}\n\n@media only screen and (max-width: 479px){ \n#top #wrap_all .av-special-heading.av-lf6o8lwk-35488aa0367f52d6b36d2b173e892715 .av-special-heading-tag{\nfont-size:0.8em;\n}\n}\n<\/style>\n<div  class='av-special-heading av-lf6o8lwk-35488aa0367f52d6b36d2b173e892715 av-special-heading-h3 custom-color-heading blockquote elegant-quote elegant-centered  avia-builder-el-1  avia-builder-el-no-sibling  av-inherit-size'><h3 class='av-special-heading-tag'  itemprop=\"headline\"  ><span class=\"heading-wrap\">WIRTSCHAFTSPR\u00dcFUNG<\/span><\/h3><div class=\"special-heading-border\"><div class=\"special-heading-inner-border\"><\/div><\/div><\/div>\n<\/div><\/div><\/main><!-- close content main element --><\/div><\/div><div id='after_section_1'  class='main_color av_default_container_wrap container_wrap fullsize'  ><div class='container av-section-cont-open' ><div class='template-page content  av-content-full alpha units'><div class='post-entry post-entry-type-page post-entry-204'><div class='entry-content-wrapper clearfix'>\n\n<style type=\"text\/css\" data-created_by=\"avia_inline_auto\" id=\"style-css-av-8a5yc-dc77c0dedd43e6685fe3321e14484ed5\">\n#top .hr.av-8a5yc-dc77c0dedd43e6685fe3321e14484ed5{\nmargin-top:30px;\nmargin-bottom:30px;\n}\n.hr.av-8a5yc-dc77c0dedd43e6685fe3321e14484ed5 .hr-inner{\nwidth:60px;\nborder-color:#7f2629;\nmax-width:45%;\n}\n.hr.av-8a5yc-dc77c0dedd43e6685fe3321e14484ed5 .av-seperator-icon{\ncolor:#a79f88;\n}\n.hr.av-8a5yc-dc77c0dedd43e6685fe3321e14484ed5 .av-seperator-icon.avia-svg-icon svg:first-child{\nfill:#a79f88;\nstroke:#a79f88;\n}\n<\/style>\n<div  class='hr av-8a5yc-dc77c0dedd43e6685fe3321e14484ed5 hr-custom  avia-builder-el-2  el_after_av_section  el_before_av_two_third  avia-builder-el-first  hr-center hr-icon-yes'><span class='hr-inner inner-border-av-border-fat'><span class=\"hr-inner-style\"><\/span><\/span><span class='av-seperator-icon avia-iconfont avia-font-fontello' data-av_icon='\ue800' data-av_iconfont='fontello' ><\/span><span class='hr-inner inner-border-av-border-fat'><span class=\"hr-inner-style\"><\/span><\/span><\/div>\n<div  class='flex_column av-1gkwk-ceb5e6e0f6e88859404278293b83fab8 av_two_third  avia-builder-el-3  el_after_av_hr  el_before_av_one_third  first flex_column_div'     ><p>\n<style type=\"text\/css\" data-created_by=\"avia_inline_auto\" id=\"style-css-av-lfl7t6y2-942e631d686d68745d2b3d1e5fbaf153\">\n#top .hr.hr-invisible.av-lfl7t6y2-942e631d686d68745d2b3d1e5fbaf153{\nheight:30px;\n}\n<\/style>\n<div  class='hr av-lfl7t6y2-942e631d686d68745d2b3d1e5fbaf153 hr-invisible  avia-builder-el-4  el_before_av_textblock  avia-builder-el-first'><span class='hr-inner'><span class=\"hr-inner-style\"><\/span><\/span><\/div><br \/>\n<section  class='av_textblock_section av-6m5gk-94a0cafcaa5289416cbde556d9d5e2aa'   itemscope=\"itemscope\" itemtype=\"https:\/\/schema.org\/CreativeWork\" ><div class='avia_textblock'  itemprop=\"text\" ><h2>Ihr strategischer Partner<\/h2>\n<p><strong>Spezialisierte Wirtschaftspr\u00fcfung: St\u00e4rken Sie Ihre Gesch\u00e4ftsperformance<\/strong><\/p>\n<p>In der modernen Gesch\u00e4ftsumgebung ist eine fachkundige Wirtschaftspr\u00fcfung unentbehrlich f\u00fcr die Wahrung von finanzieller Klarheit und Verantwortung. Bei der ACT Audit GmbH stellen wir herausragende Dienstleistungen in der Wirtschaftspr\u00fcfung bereit, die sich auf langj\u00e4hrige Expertise und Fachwissen st\u00fctzen. Hierbei ist uns besonders wichtig, dass wir unseren Kunden eine Termintreue und Pr\u00fcferkontinuit\u00e4t zur Verf\u00fcgung stellen.<\/p>\n<p>Unsere Wirtschaftspr\u00fcfungsexperten setzen auf eine enge Zusammenarbeit mit Ihnen, um Ihr Gesch\u00e4ft, Ihre Industrie und Ihre spezifischen Herausforderungen zu durchdringen. Mit dieser individuell zugeschnittenen Methode sind wir in der Lage, Risiken zu erkennen, betriebliche Abl\u00e4ufe zu verbessern und wertvolle Einblicke zu generieren, die Ihr Unternehmen auf den Weg zum Erfolg bringen und die Nachhaltigkeit ihres Gesch\u00e4ftes f\u00fcr Dritte nachvollziehbar dokumentiert.<\/p>\n<p><strong>Umfassende Wirtschaftspr\u00fcfung: Vertrauen durch Transparenz<\/strong><\/p>\n<p>Mit dem Bestreben, Vertrauen und Klarheit in der Finanzberichterstattung zu etablieren, beinhaltet unsere Wirtschaftspr\u00fcfung ein breites Spektrum an Dienstleistungen. Dazu geh\u00f6ren Jahresabschlusspr\u00fcfungen, externe individuelle Revisionen, Risikomanagementberatung, Compliance-Dienstleistungen und Beratung zu komplexen strategischen Gesch\u00e4ftsthemen -h\u00e4ufig mit Auslandsbezug.<\/p>\n<p>Unsere Wirtschaftspr\u00fcfer sind versiert in aktuellen Vorschriften und Standards, darunter HGB, IFRS und US-GAAP. Mit einer ausgepr\u00e4gten Detailorientierung sorgen sie daf\u00fcr, dass Ihre Finanzberichte gesetzlichen Anforderungen gen\u00fcgen und potenzielle Ungenauigkeiten erkannt und behoben werden.<\/p>\n<p><strong>Ihr vertrauensw\u00fcrdiger Partner f\u00fcr Wirtschaftspr\u00fcfung und Unternehmensberatung<\/strong><\/p>\n<p>Die ACT ist nicht nur ein Anbieter von Wirtschaftspr\u00fcfungs-Dienstleistungen \u2013 wir sind Ihr strategischer Partner. Zus\u00e4tzlich zu den konventionellen Pr\u00fcfungsdienstleistungen bieten wir eine umfangreiche Unternehmensbetreuung an, die Ihnen hilft, Ihr Gesch\u00e4ft in einer sich schnell ver\u00e4ndernden Unternehmensumgebung zu steuern.<\/p>\n<p>Mit unserer tiefgreifenden Expertise in den Bereichen Due Diligence, IT- und Nachhaltigkeitsberatung, der Steuerberatung im nationalen und internationalen Kontext, sowie unserer Nachfolgeberatung und Transaktionsunterst\u00fctzung erweitern wir das Leistungsspektrum einer traditionellen Wirtschaftspr\u00fcfungsgesellschaft.<\/p>\n<p>Vertrauen Sie auf unsere langj\u00e4hrige Erfahrung und unsere F\u00e4higkeiten in der Wirtschaftspr\u00fcfung. Kontaktieren Sie uns noch heute, um zu erfahren, wie unsere Wirtschaftspr\u00fcfungs-Dienstleistungen Ihnen helfen k\u00f6nnen, die finanzielle Stabilit\u00e4t Ihres Unternehmens zu st\u00e4rken und sein Wachstumspotenzial auszusch\u00f6pfen.<\/p>\n<p class=\"p1\" style=\"text-align: center;\">\n<\/div><\/section><\/p><\/div>\n<style type=\"text\/css\" data-created_by=\"avia_inline_auto\" id=\"style-css-av-yxai4-9c20e967094925fe1869f9d1dfc6c582\">\n.flex_column.av-yxai4-9c20e967094925fe1869f9d1dfc6c582{\npadding:30px 30px 30px 30px;\nbackground-color:#a79f88;\n}\n<\/style>\n<div  class='flex_column av-yxai4-9c20e967094925fe1869f9d1dfc6c582 av_one_third  avia-builder-el-6  el_after_av_two_third  avia-builder-el-last  flex_column_div'     ><form action=\"https:\/\/actaudit.de\/en\/wirtschaftspruefung\/\" method=\"post\" data-fields-with-error=\"Found errors in the following field(s):\" class=\"avia_ajax_form av-form-labels-visible   avia-builder-el-7  avia-builder-el-no-sibling\" data-avia-form-id=\"1\" data-avia-redirect='' data-trp-original-action=\"https:\/\/actaudit.de\/en\/wirtschaftspruefung\" ><h2 class=''>Erfahren Sie mehr \u00fcber das Thema!<\/h2><fieldset><p class='first_form  form_element form_fullwidth' id='element_avia_1_1'><label for=\"avia_1_1\">Name <abbr class=\"required\" title=\"required\">*<\/abbr><\/label> <input name=\"avia_1_1\" class=\"text_input is_empty\" type=\"text\" id=\"avia_1_1\" value=\"\" \/><\/p><p class='first_form  form_element form_fullwidth' id='element_avia_2_1'><label for=\"avia_2_1\">E-Mail <abbr class=\"required\" title=\"required\">*<\/abbr><\/label> <input name=\"avia_2_1\" class=\"text_input is_email\" type=\"text\" id=\"avia_2_1\" value=\"\" \/><\/p><p class='first_form  form_element form_fullwidth' id='element_avia_3_1'><label for=\"avia_3_1\">Betreff <abbr class=\"required\" title=\"required\">*<\/abbr><\/label> <input name=\"avia_3_1\" class=\"text_input is_empty\" type=\"text\" id=\"avia_3_1\" value=\"\" \/><\/p><p class='first_form  form_element form_fullwidth' id='element_avia_4_1'><label for=\"avia_4_1\" class=\"textare_label hidden textare_label_avia_4_1\">Nachricht <abbr class=\"required\" title=\"required\">*<\/abbr><\/label><textarea  name=\"avia_4_1\" class=\"text_area is_empty\" cols=\"40\" rows=\"7\" id=\"avia_4_1\" ><\/textarea><\/p><p class=\"hidden\"><input type=\"text\" name=\"avia_5_1\" class=\"hidden\" id=\"avia_5_1\" value=\"\" \/><\/p><p class='form_element form_fullwidth' id='element_avia_6_1'><span class='value_verifier_label'>0 + 4 = ?<\/span><input name=\"avia_6_1_verifier\" type=\"hidden\" id=\"avia_6_1_verifier\" value=\"684475436\"\/><label for=\"avia_6_1\">Please prove that you are human by solving the equation <abbr class=\"required\" title=\"required\">*<\/abbr><\/label><input name=\"avia_6_1\" class=\"text_input captcha\" type=\"text\" id=\"avia_6_1\" value=\"\"\/><\/p><p class=\"form_element\"><input type=\"hidden\" value=\"1\" name=\"avia_generated_form1\" \/><input type=\"submit\" value=\"SENDEN\" class=\"button\"  data-sending-label=\"Sending\"\/><\/p><\/fieldset><input type=\"hidden\" name=\"trp-form-language\" value=\"en\"\/><\/form><div id=\"ajaxresponse_1\" class=\"ajaxresponse ajaxresponse_1 hidden\"><\/div><\/div><\/p>","protected":false},"excerpt":{"rendered":"","protected":false},"author":2,"featured_media":0,"parent":0,"menu_order":0,"comment_status":"closed","ping_status":"closed","template":"","meta":{"footnotes":""},"class_list":["post-204","page","type-page","status-publish","hentry"],"yoast_head":"<!-- This site is optimized with the Yoast SEO plugin v27.5 - https:\/\/yoast.com\/product\/yoast-seo-wordpress\/ -->\n<title>Wirtschaftspr\u00fcfung - ACT Audit<\/title>\n<meta name=\"robots\" content=\"index, follow, max-snippet:-1, max-image-preview:large, max-video-preview:-1\" \/>\n<link rel=\"canonical\" href=\"https:\/\/actaudit.de\/en\/wirtschaftspruefung\/\" \/>\n<meta property=\"og:locale\" content=\"en_US\" \/>\n<meta property=\"og:type\" content=\"article\" \/>\n<meta property=\"og:title\" content=\"Wirtschaftspr\u00fcfung - ACT Audit\" \/>\n<meta property=\"og:url\" content=\"https:\/\/actaudit.de\/en\/wirtschaftspruefung\/\" \/>\n<meta property=\"og:site_name\" content=\"ACT Audit\" \/>\n<meta property=\"article:modified_time\" content=\"2023-07-11T14:11:38+00:00\" \/>\n<meta name=\"twitter:card\" content=\"summary_large_image\" \/>\n<meta name=\"twitter:label1\" content=\"Est. reading time\" \/>\n\t<meta name=\"twitter:data1\" content=\"5 minutes\" \/>\n<script type=\"application\/ld+json\" class=\"yoast-schema-graph\">{\"@context\":\"https:\\\/\\\/schema.org\",\"@graph\":[{\"@type\":\"WebPage\",\"@id\":\"https:\\\/\\\/actaudit.de\\\/wirtschaftspruefung\",\"url\":\"https:\\\/\\\/actaudit.de\\\/wirtschaftspruefung\",\"name\":\"Wirtschaftspr\u00fcfung - ACT Audit\",\"isPartOf\":{\"@id\":\"https:\\\/\\\/actaudit.de\\\/#website\"},\"datePublished\":\"2023-03-07T12:09:18+00:00\",\"dateModified\":\"2023-07-11T14:11:38+00:00\",\"breadcrumb\":{\"@id\":\"https:\\\/\\\/actaudit.de\\\/wirtschaftspruefung#breadcrumb\"},\"inLanguage\":\"en-US\",\"potentialAction\":[{\"@type\":\"ReadAction\",\"target\":[\"https:\\\/\\\/actaudit.de\\\/wirtschaftspruefung\"]}]},{\"@type\":\"BreadcrumbList\",\"@id\":\"https:\\\/\\\/actaudit.de\\\/wirtschaftspruefung#breadcrumb\",\"itemListElement\":[{\"@type\":\"ListItem\",\"position\":1,\"name\":\"Startseite\",\"item\":\"https:\\\/\\\/actaudit.de\\\/home\"},{\"@type\":\"ListItem\",\"position\":2,\"name\":\"Wirtschaftspr\u00fcfung\"}]},{\"@type\":\"WebSite\",\"@id\":\"https:\\\/\\\/actaudit.de\\\/#website\",\"url\":\"https:\\\/\\\/actaudit.de\\\/\",\"name\":\"ACT Audit\",\"description\":\"Wirtschaftspr\u00fcfungsgesellschaft\",\"potentialAction\":[{\"@type\":\"SearchAction\",\"target\":{\"@type\":\"EntryPoint\",\"urlTemplate\":\"https:\\\/\\\/actaudit.de\\\/?s={search_term_string}\"},\"query-input\":{\"@type\":\"PropertyValueSpecification\",\"valueRequired\":true,\"valueName\":\"search_term_string\"}}],\"inLanguage\":\"en-US\"}]}<\/script>\n<!-- \/ Yoast SEO plugin. -->","yoast_head_json":{"title":"Wirtschaftspr\u00fcfung - ACT Audit","robots":{"index":"index","follow":"follow","max-snippet":"max-snippet:-1","max-image-preview":"max-image-preview:large","max-video-preview":"max-video-preview:-1"},"canonical":"https:\/\/actaudit.de\/en\/wirtschaftspruefung\/","og_locale":"en_US","og_type":"article","og_title":"Wirtschaftspr\u00fcfung - ACT Audit","og_url":"https:\/\/actaudit.de\/en\/wirtschaftspruefung\/","og_site_name":"ACT Audit","article_modified_time":"2023-07-11T14:11:38+00:00","twitter_card":"summary_large_image","twitter_misc":{"Est. reading time":"5 minutes"},"schema":{"@context":"https:\/\/schema.org","@graph":[{"@type":"WebPage","@id":"https:\/\/actaudit.de\/wirtschaftspruefung","url":"https:\/\/actaudit.de\/wirtschaftspruefung","name":"Wirtschaftspr\u00fcfung - ACT Audit","isPartOf":{"@id":"https:\/\/actaudit.de\/#website"},"datePublished":"2023-03-07T12:09:18+00:00","dateModified":"2023-07-11T14:11:38+00:00","breadcrumb":{"@id":"https:\/\/actaudit.de\/wirtschaftspruefung#breadcrumb"},"inLanguage":"en-US","potentialAction":[{"@type":"ReadAction","target":["https:\/\/actaudit.de\/wirtschaftspruefung"]}]},{"@type":"BreadcrumbList","@id":"https:\/\/actaudit.de\/wirtschaftspruefung#breadcrumb","itemListElement":[{"@type":"ListItem","position":1,"name":"Startseite","item":"https:\/\/actaudit.de\/home"},{"@type":"ListItem","position":2,"name":"Wirtschaftspr\u00fcfung"}]},{"@type":"WebSite","@id":"https:\/\/actaudit.de\/#website","url":"https:\/\/actaudit.de\/","name":"ACT Audit","description":"Wirtschaftspr\u00fcfungsgesellschaft","potentialAction":[{"@type":"SearchAction","target":{"@type":"EntryPoint","urlTemplate":"https:\/\/actaudit.de\/?s={search_term_string}"},"query-input":{"@type":"PropertyValueSpecification","valueRequired":true,"valueName":"search_term_string"}}],"inLanguage":"en-US"}]}},"_links":{"self":[{"href":"https:\/\/actaudit.de\/en\/wp-json\/wp\/v2\/pages\/204","targetHints":{"allow":["GET"]}}],"collection":[{"href":"https:\/\/actaudit.de\/en\/wp-json\/wp\/v2\/pages"}],"about":[{"href":"https:\/\/actaudit.de\/en\/wp-json\/wp\/v2\/types\/page"}],"author":[{"embeddable":true,"href":"https:\/\/actaudit.de\/en\/wp-json\/wp\/v2\/users\/2"}],"replies":[{"embeddable":true,"href":"https:\/\/actaudit.de\/en\/wp-json\/wp\/v2\/comments?post=204"}],"version-history":[{"count":33,"href":"https:\/\/actaudit.de\/en\/wp-json\/wp\/v2\/pages\/204\/revisions"}],"predecessor-version":[{"id":715,"href":"https:\/\/actaudit.de\/en\/wp-json\/wp\/v2\/pages\/204\/revisions\/715"}],"wp:attachment":[{"href":"https:\/\/actaudit.de\/en\/wp-json\/wp\/v2\/media?parent=204"}],"curies":[{"name":"wp","href":"https:\/\/api.w.org\/{rel}","templated":true}]}}